{"id":3913,"date":"2026-03-05T14:17:00","date_gmt":"2026-03-05T13:17:00","guid":{"rendered":"https:\/\/shop.monochrom.at\/?post_type=product&#038;p=3913"},"modified":"2026-03-05T14:18:45","modified_gmt":"2026-03-05T13:18:45","slug":"orhan-kipcak-aus-dem-plotlexikon-t-wie-taliban","status":"publish","type":"product","link":"https:\/\/shop.monochrom.at\/?product=orhan-kipcak-aus-dem-plotlexikon-t-wie-taliban","title":{"rendered":"Orhan Kipcak &#8211; AUS DEM PLOTLEXIKON: T \u2013 wie Taliban"},"content":{"rendered":"","protected":false},"excerpt":{"rendered":"<p>Einzeiler \/ Teaser: Kunstr\u00e4tsel und letztes Aufgebot, eine Kriminalgeschichte<\/p>\n<p>Motto: \u201eDas gr\u00f6\u00dfte Kunstwerk, was es je gegeben hat\u201c (K.S.)<\/p>\n<p>Inhalt: Eine junge Kunsthistorikerin ist verschwunden. Sie befinde sich, gibt ihr Mentor zu Protokoll, in fernen W\u00fcsten auf der Suche nach der Mumie einer unl\u00e4ngst verstorbenen K\u00fcnstlerber\u00fchmtheit. Dessen Freund (oder Feind), ein islamischer Konvertit, von dem es keine Fotos gibt und der das Leben des Gro\u00dfk\u00fcnstlers wie ein Schatten begleitet hat, ist ebenfalls verschwunden \u2013 der Mentor scheint mehr zu wissen, als er mitteilt. Keine Auskunft auch auf die Frage, was ein smaragdgr\u00fcner Saab am Hindukusch zu suchen hat.<\/p>\n<p>AUS DEM PLOTLEXIKON (A-Z) ist eine stetig wachsende Reihe von Literatur-Fumetti mit Texten von Orhan Kipcak, begleitet, erg\u00e4nzt, erweitert durch Zeichnungen von Norbert Gmeindl. Jedes Fumetti hat 24 &#8211; 28 Seiten Umfang: Atmosph\u00e4rische Handlungen, wenig Psychologie, kein Innenleben!<\/p>\n","protected":false},"featured_media":3914,"comment_status":"open","ping_status":"closed","template":"","meta":[],"class_list":{"0":"post-3913","1":"product","2":"type-product","3":"status-publish","4":"has-post-thumbnail","6":"product_cat-buecher","7":"product_cat-literatur","8":"product_cat-neu","9":"product_cat-plotlexikon","10":"description-off","12":"first","13":"instock","14":"taxable","15":"shipping-taxable","16":"purchasable","17":"product-type-simple"},"_links":{"self":[{"href":"https:\/\/shop.monochrom.at\/index.php?rest_route=\/wp\/v2\/product\/3913"}],"collection":[{"href":"https:\/\/shop.monochrom.at\/index.php?rest_route=\/wp\/v2\/product"}],"about":[{"href":"https:\/\/shop.monochrom.at\/index.php?rest_route=\/wp\/v2\/types\/product"}],"replies":[{"embeddable":true,"href":"https:\/\/shop.monochrom.at\/index.php?rest_route=%2Fwp%2Fv2%2Fcomments&post=3913"}],"wp:featuredmedia":[{"embeddable":true,"href":"https:\/\/shop.monochrom.at\/index.php?rest_route=\/wp\/v2\/media\/3914"}],"wp:attachment":[{"href":"https:\/\/shop.monochrom.at\/index.php?rest_route=%2Fwp%2Fv2%2Fmedia&parent=3913"}],"curies":[{"name":"wp","href":"https:\/\/api.w.org\/{rel}","templated":true}]}}