{"id":3852,"date":"2025-10-24T15:51:47","date_gmt":"2025-10-24T13:51:47","guid":{"rendered":"https:\/\/shop.monochrom.at\/?post_type=product&#038;p=3852"},"modified":"2026-03-05T14:01:56","modified_gmt":"2026-03-05T13:01:56","slug":"orhan-kipcak-aus-dem-plotlexikon-k-wie-kakanien","status":"publish","type":"product","link":"https:\/\/shop.monochrom.at\/?product=orhan-kipcak-aus-dem-plotlexikon-k-wie-kakanien","title":{"rendered":"Orhan Kipcak &#8211; AUS DEM PLOTLEXIKON: K \u2013 wie Kakanien"},"content":{"rendered":"","protected":false},"excerpt":{"rendered":"<div>\n<p>Einzeiler \/ Teaser: Hypnoseapparate in Sch\u00f6nbrunn, eine Schreibmaschine, ein Salon<\/p>\n<p>Motto: Viribus Unitis<\/p>\n<p>Textzitat: WIEN um 1900 \u2013 Kasimir Chledowski, ein bedeutender F\u00f6rderer der Wissenschaften, r\u00e4soniert \u00fcber die Voraussetzungen erfolgreicher Forschung: Wie w\u00e4re Prinz Eugen, der gro\u00dfe \u00f6sterreichische Feldherr, die Erforschung der Hypnose angegangen? Mit Energie, Raffinement und jenem Gl\u00fcck, da\u00df den Tapferen belohnt. Kasimir \u00fcberl\u00e4\u00dft sich dem inspirativen Sog der Courier-Schreibmaschine und bemerkt, wie der Begriff \u201eGehorsam\u201c ihm in die Finger f\u00e4hrt und von dort \u00fcber die Tastatur dreimal aufs Papier rattert: \u00bbGehorsam! Gehorsam! Gehorsam! \u00ab Sicher w\u00e4re dem Prinzen die Verwandtschaft zwischen hypnotischer Trance und milit\u00e4rischem Gehorsam aufgefallen; gewi\u00df h\u00e4tte er im Hypnotischen die M\u00f6glichkeit gesucht, absoluten Gehorsam zu erzwingen. Kasimir hat die Seite gef\u00fcllt, l\u00e4\u00dft die Arme links und rechts neben dem Stuhl baumeln und wartet, bis Sekret\u00e4r Breuer das vollgeschriebene Blatt ausgespannt und ein neues Blatt eingespannt hat.<\/p>\n<\/div>\n<div>\n<p>AUS DEM PLOTLEXIKON (A-Z) ist eine stetig wachsende Reihe von Literatur-Fumettis mit Texten von\u00a0<span id=\"DWT490\" class=\"ZmSearchResult\"><span id=\"DWT508\" class=\"ZmSearchResult\">Orhan<\/span><\/span> Kipcak, begleitet, erg\u00e4nzt, erweitert durch Zeichnungen von Norbert Gmeindl. Jedes Fumetti hat 24 Seiten Umfang: Atmosph\u00e4rische Handlungen, wenig Psychologie, kein Innenleben!<\/p>\n<\/div>\n","protected":false},"featured_media":3853,"comment_status":"open","ping_status":"closed","template":"","meta":[],"class_list":{"0":"post-3852","1":"product","2":"type-product","3":"status-publish","4":"has-post-thumbnail","6":"product_cat-buecher","7":"product_cat-literatur","8":"product_cat-neu","9":"product_cat-plotlexikon","10":"description-off","12":"first","13":"instock","14":"taxable","15":"shipping-taxable","16":"purchasable","17":"product-type-simple"},"_links":{"self":[{"href":"https:\/\/shop.monochrom.at\/index.php?rest_route=\/wp\/v2\/product\/3852"}],"collection":[{"href":"https:\/\/shop.monochrom.at\/index.php?rest_route=\/wp\/v2\/product"}],"about":[{"href":"https:\/\/shop.monochrom.at\/index.php?rest_route=\/wp\/v2\/types\/product"}],"replies":[{"embeddable":true,"href":"https:\/\/shop.monochrom.at\/index.php?rest_route=%2Fwp%2Fv2%2Fcomments&post=3852"}],"wp:featuredmedia":[{"embeddable":true,"href":"https:\/\/shop.monochrom.at\/index.php?rest_route=\/wp\/v2\/media\/3853"}],"wp:attachment":[{"href":"https:\/\/shop.monochrom.at\/index.php?rest_route=%2Fwp%2Fv2%2Fmedia&parent=3852"}],"curies":[{"name":"wp","href":"https:\/\/api.w.org\/{rel}","templated":true}]}}