{"id":3828,"date":"2025-08-07T19:58:11","date_gmt":"2025-08-07T17:58:11","guid":{"rendered":"https:\/\/shop.monochrom.at\/?post_type=product&#038;p=3828"},"modified":"2025-08-07T20:08:08","modified_gmt":"2025-08-07T18:08:08","slug":"landstadt-transformation-gestalten","status":"publish","type":"product","link":"https:\/\/shop.monochrom.at\/?product=landstadt-transformation-gestalten","title":{"rendered":"Land*Stadt Transformation gestalten"},"content":{"rendered":"","protected":false},"excerpt":{"rendered":"<p>Land und Stadt \u2013 zwei scheinbar unvereinbare Lager. Auf der einen Seite die gr\u00fcne, urbane Bubble, die oft wenig Verst\u00e4ndnis f\u00fcr die Alltagswelt vieler Menschen au\u00dferhalb der St\u00e4dte hat. Auf der anderen Seite die gesellschaftlich vergessene Landbev\u00f6lkerung, die aus Frust zu Protestw\u00e4hler*innen wird. So reduziert, aber auch auf ganz viele andere Arten, lie\u00dfe sich die Beziehung zwischen Land und Stadt beschreiben. Das Thema ist komplex und verlangt nach unterschiedlichen disziplin\u00e4ren Perspektiven und Betrachtungsr\u00e4umen.<\/p>\n<p>Das Buch gibt Einblicke in die interdisziplin\u00e4re und transdisziplin\u00e4re Arbeit eines Forschungsprojekts und seine diversen Partner*innen innerhalb von Diskursen und Projekten und zwischen Land und Stadt. Die Beitr\u00e4ge umkreisen auf unterschiedliche Art die Frage, wie sich gemeinsam forschen und gestalten l\u00e4sst \u2013 im Projektverbund und an Orten der Transformation selbst.<\/p>\n","protected":false},"featured_media":3829,"comment_status":"open","ping_status":"closed","template":"","meta":[],"class_list":{"0":"post-3828","1":"product","2":"type-product","3":"status-publish","4":"has-post-thumbnail","6":"product_cat-buecher","7":"product_cat-neu","8":"product_cat-theorie","9":"description-off","11":"first","12":"instock","13":"taxable","14":"shipping-taxable","15":"purchasable","16":"product-type-simple"},"_links":{"self":[{"href":"https:\/\/shop.monochrom.at\/index.php?rest_route=\/wp\/v2\/product\/3828"}],"collection":[{"href":"https:\/\/shop.monochrom.at\/index.php?rest_route=\/wp\/v2\/product"}],"about":[{"href":"https:\/\/shop.monochrom.at\/index.php?rest_route=\/wp\/v2\/types\/product"}],"replies":[{"embeddable":true,"href":"https:\/\/shop.monochrom.at\/index.php?rest_route=%2Fwp%2Fv2%2Fcomments&post=3828"}],"wp:featuredmedia":[{"embeddable":true,"href":"https:\/\/shop.monochrom.at\/index.php?rest_route=\/wp\/v2\/media\/3829"}],"wp:attachment":[{"href":"https:\/\/shop.monochrom.at\/index.php?rest_route=%2Fwp%2Fv2%2Fmedia&parent=3828"}],"curies":[{"name":"wp","href":"https:\/\/api.w.org\/{rel}","templated":true}]}}