{"id":3710,"date":"2024-05-19T19:08:07","date_gmt":"2024-05-19T17:08:07","guid":{"rendered":"https:\/\/shop.monochrom.at\/?post_type=product&#038;p=3710"},"modified":"2026-03-05T14:04:28","modified_gmt":"2026-03-05T13:04:28","slug":"orhan-kipcak-aus-dem-plotlexikon-w-wie-wiener-geflecht","status":"publish","type":"product","link":"https:\/\/shop.monochrom.at\/?product=orhan-kipcak-aus-dem-plotlexikon-w-wie-wiener-geflecht","title":{"rendered":"Orhan Kipcak &#8211; AUS DEM PLOTLEXIKON: W &#8211; WIE WIENER GEFLECHT"},"content":{"rendered":"","protected":false},"excerpt":{"rendered":"<div>\n<p>Einzeiler \/ Teaser: Paarbeziehung und Devianzforschung<\/p>\n<p>Motto: \u201eDie Russen, Die Russen&#8220;<\/p>\n<p>Textzitat: \u201eRenate, fr\u00fcher auch Reni genannt, sp\u00e4ter Ren\u00e9e, zuletzt respektvoll-ironisch \u201aMadame\u2018, beobachtet schon seit Jahrzehnten Auff\u00e4lligkeiten der Jugendkultur wie eigenartige Frisuren, ungewohnte Schnurrb\u00e4rte, l\u00e4cherliche Hosen, Kappen, M\u00fctzen, Redensarten und Musikgeschm\u00e4cker. Treten Ph\u00e4nomene geh\u00e4uft auf, wittert sie einen neuen Forschungsgegenstand, etwas, das sie sodann mit empirischem Instrumentarium und ihrer ber\u00fchmten Intuition zergliedert.\u201c<\/p>\n<\/div>\n<div>\n<p>AUS DEM PLOTLEXIKON (A-Z) ist eine stetig wachsende Reihe von Literatur-Fumettis mit Texten von\u00a0<span id=\"DWT490\" class=\"ZmSearchResult\"><span id=\"DWT508\" class=\"ZmSearchResult\">Orhan<\/span><\/span>\u00a0Kipcak, begleitet, erg\u00e4nzt, erweitert durch Zeichnungen von Norbert Gmeindl. Jedes Fumetti hat 24 Seiten Umfang: Atmosph\u00e4rische Handlungen, wenig Psychologie, kein Innenleben!<\/p>\n<p>W &#8211; WIE WIENER GEFLECHT gibt es auch als H\u00f6rst\u00fcck, gelesen von <span id=\"DWT492\" class=\"ZmSearchResult\"><span id=\"DWT510\" class=\"ZmSearchResult\">Orhan<\/span><\/span> Kipcak. Zu finden auf der monochrom-Musikseite \u2013 vorerst gratis! <a href=\"https:\/\/shop.monochrom.at\/?product=aus-dem-plotlexikon-x-y-s-horstucke\">https:\/\/shop.monochrom.at\/?product=aus-dem-plotlexikon-x-y-s-horstucke<\/a><\/p>\n<\/div>\n","protected":false},"featured_media":3711,"comment_status":"open","ping_status":"closed","template":"","meta":[],"class_list":{"0":"post-3710","1":"product","2":"type-product","3":"status-publish","4":"has-post-thumbnail","6":"product_cat-buecher","7":"product_cat-literatur","8":"product_cat-neu","9":"product_cat-plotlexikon","10":"description-off","12":"first","13":"instock","14":"taxable","15":"shipping-taxable","16":"purchasable","17":"product-type-simple"},"_links":{"self":[{"href":"https:\/\/shop.monochrom.at\/index.php?rest_route=\/wp\/v2\/product\/3710"}],"collection":[{"href":"https:\/\/shop.monochrom.at\/index.php?rest_route=\/wp\/v2\/product"}],"about":[{"href":"https:\/\/shop.monochrom.at\/index.php?rest_route=\/wp\/v2\/types\/product"}],"replies":[{"embeddable":true,"href":"https:\/\/shop.monochrom.at\/index.php?rest_route=%2Fwp%2Fv2%2Fcomments&post=3710"}],"wp:featuredmedia":[{"embeddable":true,"href":"https:\/\/shop.monochrom.at\/index.php?rest_route=\/wp\/v2\/media\/3711"}],"wp:attachment":[{"href":"https:\/\/shop.monochrom.at\/index.php?rest_route=%2Fwp%2Fv2%2Fmedia&parent=3710"}],"curies":[{"name":"wp","href":"https:\/\/api.w.org\/{rel}","templated":true}]}}