{"id":3674,"date":"2024-02-26T22:31:02","date_gmt":"2024-02-26T21:31:02","guid":{"rendered":"https:\/\/shop.monochrom.at\/?post_type=product&#038;p=3674"},"modified":"2026-03-05T14:04:09","modified_gmt":"2026-03-05T13:04:09","slug":"orhan-kipcak-aus-dem-plotlexikon-h-wie-haimon","status":"publish","type":"product","link":"https:\/\/shop.monochrom.at\/?product=orhan-kipcak-aus-dem-plotlexikon-h-wie-haimon","title":{"rendered":"Orhan Kipcak &#8211; AUS DEM PLOTLEXIKON: H &#8211; WIE HAIMON"},"content":{"rendered":"","protected":false},"excerpt":{"rendered":"<div>\n<p>Einzeiler \/ Teaser: Geburt einer balkanischen Nation aus Wissenschaft und Poesie<\/p>\n<p>Motto: Traurig t\u00f6nt in Balkanschluchten \/ Nachtigall und Felsenkleib\u00b4 \/ All mein Sehnen will nicht fruchten \/ Wenn das Schicksal sagt, komm bleib (aus \u201eAnton Weitras Haimonische Wirrungen\u201c)<\/p>\n<\/div>\n<div>\n<p>Textzitat: \u201eIn den ersten Jahrzehnten des 19. Jahrhunderts entsteht unter den Gro\u00dfm\u00e4chten Streit \u00fcber eine balkanische Provinz des zerfallenden osmanischen Reiches. Dieser Streit wird in die bunt gemischte Einwohnerschaft jener Gebirgsfalten getragen, worauf dort zwischen Slawen, T\u00fcrken, Arnauten, Walachen und Phanarioten ein B\u00fcrgerkrieg ausbricht. Die moderne Welt erh\u00e4lt Nachricht \u00fcber Drangsale der Christen unter der muselmanischen Tyrannei; eine Koalitionsarmee aus Idealisten, S\u00f6ldnern und Abenteurern marschiert ein, nach einigem Gemetzel herrscht Ruhe im Lande.\u201c<\/p>\n<p>AUS DEM PLOTLEXIKON (A-Z) ist eine stetig wachsende Reihe von Literatur-Fumettis mit Texten von\u00a0<span id=\"DWT490\" class=\"ZmSearchResult\"><span id=\"DWT508\" class=\"ZmSearchResult\">Orhan<\/span><\/span>\u00a0Kipcak, begleitet, erg\u00e4nzt, erweitert durch Zeichnungen von Norbert Gmeindl. Jedes Fumetti hat 24 Seiten Umfang: Atmosph\u00e4rische Handlungen, wenig Psychologie, kein Innenleben!<\/p>\n<p>H \u2014 WIE HAIMON gibt es auch als H\u00f6rst\u00fcck, gelesen von <span id=\"DWT492\" class=\"ZmSearchResult\"><span id=\"DWT510\" class=\"ZmSearchResult\">Orhan<\/span><\/span> Kipcak. Zu finden auf der monochrom-Musikseite \u2013 vorerst gratis! <a href=\"https:\/\/shop.monochrom.at\/?product=aus-dem-plotlexikon-x-y-s-horstucke\">https:\/\/shop.monochrom.at\/?product=aus-dem-plotlexikon-x-y-s-horstucke<\/a><\/p>\n<\/div>\n","protected":false},"featured_media":3675,"comment_status":"open","ping_status":"closed","template":"","meta":[],"class_list":{"0":"post-3674","1":"product","2":"type-product","3":"status-publish","4":"has-post-thumbnail","6":"product_cat-buecher","7":"product_cat-literatur","8":"product_cat-neu","9":"product_cat-plotlexikon","10":"description-off","12":"first","13":"instock","14":"taxable","15":"shipping-taxable","16":"purchasable","17":"product-type-simple"},"_links":{"self":[{"href":"https:\/\/shop.monochrom.at\/index.php?rest_route=\/wp\/v2\/product\/3674"}],"collection":[{"href":"https:\/\/shop.monochrom.at\/index.php?rest_route=\/wp\/v2\/product"}],"about":[{"href":"https:\/\/shop.monochrom.at\/index.php?rest_route=\/wp\/v2\/types\/product"}],"replies":[{"embeddable":true,"href":"https:\/\/shop.monochrom.at\/index.php?rest_route=%2Fwp%2Fv2%2Fcomments&post=3674"}],"wp:featuredmedia":[{"embeddable":true,"href":"https:\/\/shop.monochrom.at\/index.php?rest_route=\/wp\/v2\/media\/3675"}],"wp:attachment":[{"href":"https:\/\/shop.monochrom.at\/index.php?rest_route=%2Fwp%2Fv2%2Fmedia&parent=3674"}],"curies":[{"name":"wp","href":"https:\/\/api.w.org\/{rel}","templated":true}]}}