{"id":3623,"date":"2023-12-09T14:48:55","date_gmt":"2023-12-09T13:48:55","guid":{"rendered":"https:\/\/shop.monochrom.at\/?post_type=product&#038;p=3623"},"modified":"2026-03-05T14:03:51","modified_gmt":"2026-03-05T13:03:51","slug":"orhan-kipcak-aus-dem-plotlexikon-z-wie-zentrifuge","status":"publish","type":"product","link":"https:\/\/shop.monochrom.at\/?product=orhan-kipcak-aus-dem-plotlexikon-z-wie-zentrifuge","title":{"rendered":"Orhan Kipcak &#8211; AUS DEM PLOTLEXIKON: Z &#8211; WIE ZENTRIFUGE"},"content":{"rendered":"","protected":false},"excerpt":{"rendered":"<div>\n<p>Einzeiler \/ Teaser: Professor Volcanova arbeitet am irdischen Paradies.<\/p>\n<p>Motto: \u201eAch, Ingenieur. Ein sch\u00f6ner Beruf.<\/p>\n<\/div>\n<div>Fahrr\u00e4der konstruieren, Korkenzieher, Talsperren &#8230;\u201c<\/div>\n<div>\n<p>(R. Q.)<\/p>\n<p>Textzitat: \u201eIn einem unterirdischen Labor, tief eingesenkt ins Karakorumgebirge, steht eine Zentrifuge gewaltiger Gr\u00f6\u00dfe. Diese Zentrifuge, die Erfindung des genialen Physikers und Onto-Ph\u00e4nomenologen Professor Volcanova, hat die Aufgabe, grob- und feinstoffliche Meditationsschlacken voneinander zu scheiden.\u201c<\/p>\n<p>AUS DEM PLOTLEXIKON (A-Z) ist eine stetig wachsende Reihe von Literatur-Fumettis mit Texten von\u00a0<span id=\"DWT490\" class=\"ZmSearchResult\"><span id=\"DWT508\" class=\"ZmSearchResult\">Orhan<\/span><\/span>\u00a0Kipcak, begleitet, erg\u00e4nzt, erweitert durch Zeichnungen von Norbert Gmeindl. Jedes Fumetti hat 24 Seiten Umfang: Atmosph\u00e4rische Handlungen, wenig Psychologie, kein Innenleben!<\/p>\n<p>Z \u2014 WIE ZENTRIFUGE gibt es auch als H\u00f6rst\u00fcck, gelesen von\u00a0<span id=\"DWT492\" class=\"ZmSearchResult\"><span id=\"DWT510\" class=\"ZmSearchResult\">Orhan<\/span><\/span> Kipcak. Zu finden auf der monochrom-Musikseite \u2013 vorerst gratis! <a href=\"https:\/\/shop.monochrom.at\/?product=aus-dem-plotlexikon-x-y-s-horstucke\">https:\/\/shop.monochrom.at\/?product=aus-dem-plotlexikon-x-y-s-horstucke<\/a><span id=\"OBJ_PREFIX_DWT493_com_zimbra_url\" class=\"Object\" role=\"link\"><span id=\"OBJ_PREFIX_DWT511_com_zimbra_url\" class=\"Object\" role=\"link\"><\/span><\/span><\/p>\n<\/div>\n","protected":false},"featured_media":3624,"comment_status":"open","ping_status":"closed","template":"","meta":[],"class_list":{"0":"post-3623","1":"product","2":"type-product","3":"status-publish","4":"has-post-thumbnail","6":"product_cat-buecher","7":"product_cat-literatur","8":"product_cat-neu","9":"product_cat-plotlexikon","10":"description-off","12":"first","13":"instock","14":"taxable","15":"shipping-taxable","16":"purchasable","17":"product-type-simple"},"_links":{"self":[{"href":"https:\/\/shop.monochrom.at\/index.php?rest_route=\/wp\/v2\/product\/3623"}],"collection":[{"href":"https:\/\/shop.monochrom.at\/index.php?rest_route=\/wp\/v2\/product"}],"about":[{"href":"https:\/\/shop.monochrom.at\/index.php?rest_route=\/wp\/v2\/types\/product"}],"replies":[{"embeddable":true,"href":"https:\/\/shop.monochrom.at\/index.php?rest_route=%2Fwp%2Fv2%2Fcomments&post=3623"}],"wp:featuredmedia":[{"embeddable":true,"href":"https:\/\/shop.monochrom.at\/index.php?rest_route=\/wp\/v2\/media\/3624"}],"wp:attachment":[{"href":"https:\/\/shop.monochrom.at\/index.php?rest_route=%2Fwp%2Fv2%2Fmedia&parent=3623"}],"curies":[{"name":"wp","href":"https:\/\/api.w.org\/{rel}","templated":true}]}}