{"id":3617,"date":"2023-11-24T21:47:13","date_gmt":"2023-11-24T20:47:13","guid":{"rendered":"https:\/\/shop.monochrom.at\/?post_type=product&#038;p=3617"},"modified":"2024-01-15T22:55:35","modified_gmt":"2024-01-15T21:55:35","slug":"branko-lenart-big-sur-real","status":"publish","type":"product","link":"https:\/\/shop.monochrom.at\/?product=branko-lenart-big-sur-real","title":{"rendered":"Branko Lenart &#8211; BIG SUR REAL"},"content":{"rendered":"","protected":false},"excerpt":{"rendered":"<div class=\"col-sm-8\">\n<p class=\"form-control-static\">Es ist eine Reise in die eigene Vergangenheit, genauso wie der Versuch einer Neudeutung des Bestehenden, des bereits Bekannten. Der Vielreisende hat dabei Dokumente seiner Fahrten in die s\u00fcdlichen Gefilde der Welt gesichtet und daraus eine \u201eSubjektive Topografie\u201c erstellt. Es ist nicht unbedingt eine Reise ins Gl\u00fcck. Die Realit\u00e4t hat ihre Anteile und besteht nicht nur in der gegenst\u00e4ndlichen Lesbarkeit, sondern ist eher im Element des Narrativen zu suchen. So entstand im Laufe des langen Zeitraumes von 50 Jahren ein subjektives Panorama des Gl\u00fccks bzw. der Suche nach diesem.<\/p>\n<\/div>\n","protected":false},"featured_media":3618,"comment_status":"open","ping_status":"closed","template":"","meta":[],"class_list":{"0":"post-3617","1":"product","2":"type-product","3":"status-publish","4":"has-post-thumbnail","6":"product_cat-buecher","7":"product_cat-kunstbuecher","8":"product_cat-neu","9":"description-off","11":"first","12":"instock","13":"taxable","14":"shipping-taxable","15":"purchasable","16":"product-type-simple"},"_links":{"self":[{"href":"https:\/\/shop.monochrom.at\/index.php?rest_route=\/wp\/v2\/product\/3617"}],"collection":[{"href":"https:\/\/shop.monochrom.at\/index.php?rest_route=\/wp\/v2\/product"}],"about":[{"href":"https:\/\/shop.monochrom.at\/index.php?rest_route=\/wp\/v2\/types\/product"}],"replies":[{"embeddable":true,"href":"https:\/\/shop.monochrom.at\/index.php?rest_route=%2Fwp%2Fv2%2Fcomments&post=3617"}],"wp:featuredmedia":[{"embeddable":true,"href":"https:\/\/shop.monochrom.at\/index.php?rest_route=\/wp\/v2\/media\/3618"}],"wp:attachment":[{"href":"https:\/\/shop.monochrom.at\/index.php?rest_route=%2Fwp%2Fv2%2Fmedia&parent=3617"}],"curies":[{"name":"wp","href":"https:\/\/api.w.org\/{rel}","templated":true}]}}