{"id":3541,"date":"2023-01-11T22:49:28","date_gmt":"2023-01-11T21:49:28","guid":{"rendered":"https:\/\/shop.monochrom.at\/?post_type=product&#038;p=3541"},"modified":"2026-03-05T14:10:20","modified_gmt":"2026-03-05T13:10:20","slug":"aus-dem-plotlexikon-x-y-s-horstucke","status":"publish","type":"product","link":"https:\/\/shop.monochrom.at\/?product=aus-dem-plotlexikon-x-y-s-horstucke","title":{"rendered":"AUS DEM PLOTLEXIKON H\u00f6rst\u00fccke"},"content":{"rendered":"","protected":false},"excerpt":{"rendered":"<p><span class=\"textstyle4\">AUS DEM PLOTLEXIKON gibt es auch als H\u00f6rst\u00fccke. Sie k\u00f6nnen hier bis auf weiteres<\/span>\u00a0<span class=\"textstyle3\">zum pers\u00f6nlichen Gebrauch\u00a0<\/span><span class=\"textstyle3\"><a href=\"https:\/\/kipcak.adm.at\/plotsounds.html#Hoerst%C3%BCcke\" target=\"_blank\" rel=\"noopener noreferrer\">frei gestreamt oder herunterladen<\/a><\/span>\u00a0<span class=\"textstyle3\">werden. \u00dcberarbeitung, Ver\u00f6ffentlichung, besonders zur kommerziellen Nutzung, sind nicht gestattet<\/span><span class=\"textstyle4\">.<br \/>\n<\/span><\/p>\n","protected":false},"featured_media":3912,"comment_status":"open","ping_status":"closed","template":"","meta":[],"class_list":{"0":"post-3541","1":"product","2":"type-product","3":"status-publish","4":"has-post-thumbnail","6":"product_cat-musik","7":"product_cat-plotlexikon","8":"description-off","10":"first","11":"instock","12":"sold-individually","13":"taxable","14":"shipping-taxable","15":"product-type-variable"},"_links":{"self":[{"href":"https:\/\/shop.monochrom.at\/index.php?rest_route=\/wp\/v2\/product\/3541"}],"collection":[{"href":"https:\/\/shop.monochrom.at\/index.php?rest_route=\/wp\/v2\/product"}],"about":[{"href":"https:\/\/shop.monochrom.at\/index.php?rest_route=\/wp\/v2\/types\/product"}],"replies":[{"embeddable":true,"href":"https:\/\/shop.monochrom.at\/index.php?rest_route=%2Fwp%2Fv2%2Fcomments&post=3541"}],"wp:featuredmedia":[{"embeddable":true,"href":"https:\/\/shop.monochrom.at\/index.php?rest_route=\/wp\/v2\/media\/3912"}],"wp:attachment":[{"href":"https:\/\/shop.monochrom.at\/index.php?rest_route=%2Fwp%2Fv2%2Fmedia&parent=3541"}],"curies":[{"name":"wp","href":"https:\/\/api.w.org\/{rel}","templated":true}]}}