{"id":3532,"date":"2023-06-13T21:06:17","date_gmt":"2023-06-13T19:06:17","guid":{"rendered":"https:\/\/shop.monochrom.at\/?post_type=product&#038;p=3532"},"modified":"2026-03-05T14:03:06","modified_gmt":"2026-03-05T13:03:06","slug":"orhan-kipcak-aus-dem-plotlexikon-y-wie-jyvaskyla","status":"publish","type":"product","link":"https:\/\/shop.monochrom.at\/?product=orhan-kipcak-aus-dem-plotlexikon-y-wie-jyvaskyla","title":{"rendered":"Orhan Kipcak &#8211; AUS DEM PLOTLEXIKON: Y &#8211; Wie JYV\u00c4SKYL\u00c4"},"content":{"rendered":"","protected":false},"excerpt":{"rendered":"<p>Einzeiler \/ Teaser: Zweisprachige Hotelpoesie; deutsch \/ finnisch (\u00dcbersetzung P\u00e4ivi Ahvonen)<\/p>\n<p>Motto: \u201eJenseits des weiten Meeres gibt es ein Land, wo Wellen die Ufer des Gl\u00fccks umsp\u00fclen.\u201c (Uno Mononen)<\/p>\n<p>Textzitat: \u201eWenn Du betrunken in einer finnischen Hotelbar sitzt und mit der korrekten Setzung eines Beistrichs k\u00e4mpfst\u2026\u201c \u2014 \u201eKun istut humalassa suomalaisessa hotellibaarissa ja painiskelet pilkun oikean paikan kanssa\u2026\u201c<\/p>\n<p>AUS DEM PLOTLEXIKON (A-Z) ist eine stetig wachsende Reihe von Literatur-Fumettis mit Texten von Orhan Kipcak, begleitet, erg\u00e4nzt, erweitert durch Zeichnungen von Norbert Gmeindl. Jedes Fumetti hat 24 Seiten Umfang: Atmosph\u00e4rische Handlungen, wenig Psychologie, kein Innenleben!<\/p>\n<p>Y \u2014 WIE JYV\u00c4SKYL\u00c4 gibt es auch als H\u00f6rst\u00fcck, gestaltet von Curd Duca, sowohl in einer deutschen, als auch in einer finnischen Variante gelesen von Orhan Kipcak. Zu finden auf der monochrom Musikseite \u2013 vorerst gratis! <a href=\"https:\/\/shop.monochrom.at\/?product=aus-dem-plotlexikon-x-y-s-horstucke\">https:\/\/shop.monochrom.at\/?product=aus-dem-plotlexikon-x-y-s-horstucke<\/a><\/p>\n","protected":false},"featured_media":3533,"comment_status":"open","ping_status":"closed","template":"","meta":[],"class_list":{"0":"post-3532","1":"product","2":"type-product","3":"status-publish","4":"has-post-thumbnail","6":"product_cat-buecher","7":"product_cat-literatur","8":"product_cat-neu","9":"product_cat-plotlexikon","10":"description-off","12":"first","13":"instock","14":"taxable","15":"shipping-taxable","16":"purchasable","17":"product-type-simple"},"_links":{"self":[{"href":"https:\/\/shop.monochrom.at\/index.php?rest_route=\/wp\/v2\/product\/3532"}],"collection":[{"href":"https:\/\/shop.monochrom.at\/index.php?rest_route=\/wp\/v2\/product"}],"about":[{"href":"https:\/\/shop.monochrom.at\/index.php?rest_route=\/wp\/v2\/types\/product"}],"replies":[{"embeddable":true,"href":"https:\/\/shop.monochrom.at\/index.php?rest_route=%2Fwp%2Fv2%2Fcomments&post=3532"}],"wp:featuredmedia":[{"embeddable":true,"href":"https:\/\/shop.monochrom.at\/index.php?rest_route=\/wp\/v2\/media\/3533"}],"wp:attachment":[{"href":"https:\/\/shop.monochrom.at\/index.php?rest_route=%2Fwp%2Fv2%2Fmedia&parent=3532"}],"curies":[{"name":"wp","href":"https:\/\/api.w.org\/{rel}","templated":true}]}}