{"id":3529,"date":"2023-06-13T20:35:44","date_gmt":"2023-06-13T18:35:44","guid":{"rendered":"https:\/\/shop.monochrom.at\/?post_type=product&#038;p=3529"},"modified":"2026-03-05T14:02:48","modified_gmt":"2026-03-05T13:02:48","slug":"orhan-kipcak-x-wie-xenophon","status":"publish","type":"product","link":"https:\/\/shop.monochrom.at\/?product=orhan-kipcak-x-wie-xenophon","title":{"rendered":"Orhan Kipcak &#8211; AUS DEM PLOTLEXIKON: X &#8211; WIE XENOPHON"},"content":{"rendered":"","protected":false},"excerpt":{"rendered":"<div>\n<p>Einzeiler \/ Teaser: Schamanische Graphologie in den 30er-Jahren<\/p>\n<p>Motto: \u201eDas Meer, das Meer!<\/p>\n<p>Textzitat: \u201eIm Jahre 1936 gibt es erstaunliche Fortschritte in Wissenschaft und Technik: Eisenbahnen und Fluglinien umspannen die Kontinente, Zeppeline dringen in die entlegensten Winkel des Globus, in Europa entstehen einige hervorragend funktionierende Diktaturen und die Menschheit tr\u00e4gt, wenn sie es sich leisten kann, gutsitzende Garderoben mit Gamaschen und H\u00fcten, mit R\u00fcschen, Puff\u00e4rmeln und Pumps.\u201c<\/p>\n<p>AUS DEM PLOTLEXIKON (A-Z) ist eine stetig wachsende Reihe von Literatur-Fumettis mit Texten von Orhan Kipcak, begleitet, erg\u00e4nzt, erweitert durch Zeichnungen von Norbert Gmeindl. Jedes Fumetti hat 24 Seiten Umfang: Atmosph\u00e4rische Handlungen, wenig Psychologie, kein Innenleben!<\/p>\n<p>X \u2014 WIE XENOPHON gibt es auch als H\u00f6rst\u00fcck, gelesen von Stephanie Wolff. Zu finden auf der Monochrom-Musikseite \u2013 vorerst gratis! <a href=\"https:\/\/shop.monochrom.at\/?product=aus-dem-plotlexikon-x-y-s-horstucke\">https:\/\/shop.monochrom.at\/?product=aus-dem-plotlexikon-x-y-s-horstucke<\/a><span id=\"OBJ_PREFIX_DWT337_com_zimbra_url\" class=\"Object\" role=\"link\"><span id=\"OBJ_PREFIX_DWT347_com_zimbra_url\" class=\"Object\" role=\"link\"><\/span><\/span><\/p>\n<\/div>\n","protected":false},"featured_media":3530,"comment_status":"open","ping_status":"closed","template":"","meta":[],"class_list":{"0":"post-3529","1":"product","2":"type-product","3":"status-publish","4":"has-post-thumbnail","6":"product_cat-buecher","7":"product_cat-literatur","8":"product_cat-neu","9":"product_cat-plotlexikon","10":"description-off","12":"first","13":"instock","14":"taxable","15":"shipping-taxable","16":"purchasable","17":"product-type-simple"},"_links":{"self":[{"href":"https:\/\/shop.monochrom.at\/index.php?rest_route=\/wp\/v2\/product\/3529"}],"collection":[{"href":"https:\/\/shop.monochrom.at\/index.php?rest_route=\/wp\/v2\/product"}],"about":[{"href":"https:\/\/shop.monochrom.at\/index.php?rest_route=\/wp\/v2\/types\/product"}],"replies":[{"embeddable":true,"href":"https:\/\/shop.monochrom.at\/index.php?rest_route=%2Fwp%2Fv2%2Fcomments&post=3529"}],"wp:featuredmedia":[{"embeddable":true,"href":"https:\/\/shop.monochrom.at\/index.php?rest_route=\/wp\/v2\/media\/3530"}],"wp:attachment":[{"href":"https:\/\/shop.monochrom.at\/index.php?rest_route=%2Fwp%2Fv2%2Fmedia&parent=3529"}],"curies":[{"name":"wp","href":"https:\/\/api.w.org\/{rel}","templated":true}]}}