{"id":3486,"date":"2022-12-23T15:19:17","date_gmt":"2022-12-23T14:19:17","guid":{"rendered":"https:\/\/shop.monochrom.at\/?post_type=product&#038;p=3486"},"modified":"2024-01-15T00:01:18","modified_gmt":"2024-01-14T23:01:18","slug":"protestformen-widerstand-als-kulturelle-praxis","status":"publish","type":"product","link":"https:\/\/shop.monochrom.at\/?product=protestformen-widerstand-als-kulturelle-praxis","title":{"rendered":"Protestformen. Widerstand als kulturelle Praxis"},"content":{"rendered":"","protected":false},"excerpt":{"rendered":"<p>In einer Zeit, in der alles im Umbruch scheint, r\u00fccken Protestformen wieder st\u00e4rker in unser Bewusstsein. Soziale Bewegungen und sozialer Aktivismus sind entscheidend f\u00fcr politisches Engagement und soziale Transformation. Traditionelle sozialwissenschaftliche Ans\u00e4tze zu sozialen Bewegungen und sozialen Ver\u00e4nderungen tendieren dazu, Formen des kollektiven Widerstandes und Protests vor allem als irrationale, spontane Reaktionen auf Unterdr\u00fcckung oder als rationale \u00c4u\u00dferungen von \u201eAndersdenkenden\u201ddarzustellen. Welche aktuellen Theorien von Macht, Politik und sozialem Wandel pr\u00e4gen soziale Bewegungen und generieren eine Kultur des Widerstandes? Wie wird politischer Widerstand heute gelebt, organisiert und in Aktionen transformiert? Wie steht es um B\u00fcrger:innen-Bewegungen und Widerstand pre\/w\u00e4hrend der\/post Pandemie? B\u00fcrger:innenbewegungen heute zu betrachten, hei\u00dft auch mit netzwerkgest\u00fctzten Organisationsformen zu tun zu haben. Zu beobachten ist mitunter eine st\u00e4rkere Heterogenit\u00e4t bei den Menschen, die sich diesen Bewegungen anschlie\u00dfen. Gibt es einen gemeinsamen Nenner? Covid-19 wird vielfach als Lehrmeisterin angesehen, die ein radikales Umdenken eingefordert und Paradigmenwechsel angesto\u00dfen hat. Was ist uns wichtig, wie \u00e4ndern sich Themen und Modi von Bewegungen? Wie werden Bewegungen in den Medien geframed? Wo sind die dark spots der Selbstorganisation, wo die sweet spots?<\/p>\n","protected":false},"featured_media":3487,"comment_status":"open","ping_status":"closed","template":"","meta":[],"class_list":{"0":"post-3486","1":"product","2":"type-product","3":"status-publish","4":"has-post-thumbnail","6":"product_cat-buecher","7":"product_cat-neu","8":"product_cat-paraflows","9":"product_cat-theorie","10":"description-off","12":"first","13":"instock","14":"taxable","15":"shipping-taxable","16":"purchasable","17":"product-type-variable"},"_links":{"self":[{"href":"https:\/\/shop.monochrom.at\/index.php?rest_route=\/wp\/v2\/product\/3486"}],"collection":[{"href":"https:\/\/shop.monochrom.at\/index.php?rest_route=\/wp\/v2\/product"}],"about":[{"href":"https:\/\/shop.monochrom.at\/index.php?rest_route=\/wp\/v2\/types\/product"}],"replies":[{"embeddable":true,"href":"https:\/\/shop.monochrom.at\/index.php?rest_route=%2Fwp%2Fv2%2Fcomments&post=3486"}],"wp:featuredmedia":[{"embeddable":true,"href":"https:\/\/shop.monochrom.at\/index.php?rest_route=\/wp\/v2\/media\/3487"}],"wp:attachment":[{"href":"https:\/\/shop.monochrom.at\/index.php?rest_route=%2Fwp%2Fv2%2Fmedia&parent=3486"}],"curies":[{"name":"wp","href":"https:\/\/api.w.org\/{rel}","templated":true}]}}