{"id":3378,"date":"2021-08-27T00:22:03","date_gmt":"2021-08-26T22:22:03","guid":{"rendered":"https:\/\/shop.monochrom.at\/?post_type=product&#038;p=3378"},"modified":"2024-01-15T00:00:03","modified_gmt":"2024-01-14T23:00:03","slug":"neue-kunst-an-alten-orten-10-jahre-komm-st-als-kulturelle-nahversorgung","status":"publish","type":"product","link":"https:\/\/shop.monochrom.at\/?product=neue-kunst-an-alten-orten-10-jahre-komm-st-als-kulturelle-nahversorgung","title":{"rendered":"Neue Kunst an alten Orten. 10 Jahre KOMM.ST als kulturelle Nahversorgung"},"content":{"rendered":"","protected":false},"excerpt":{"rendered":"<p>Kunst im Gasthaus, Kunst in der Disco, Kunst im Leerstand, Kunst f\u00fcr die Menschen, Kunst f\u00fcr die K\u00fcnstler*innen. Zeitgen\u00f6ssische Kunst von der B\u00fchne herunterzuholen und damit zu den Menschen zu gehen, an Orte, wo sich Menschen wohlf\u00fchlen und schon seit Jahrhunderten begegnen. Das meint und lebt KOMM.ST mit \u201eNeue Kunst an alten Orten\u201c. Seit nunmehr 10 Jahren verfolgt KOMM.ST dieses einfache Konzept der kulturellen Nahversorgung. Kunst und Kultur sind entscheidend f\u00fcr unsere Lebensqualit\u00e4t. Als Ereignisorte, die au\u00dferhalb des Alltags liegen, tragen sie dazu bei, dass Menschen einander schichten- oder generations\u00fcbergreifend begegnen. Sie stellen neue Fragen und durchbrechen alte Vorurteile, und weil sie uns neue Perspektiven, ungewohnte Blickwinkel und innovative Herangehensweisen zeigen, k\u00f6nnen sie auch \u00f6konomische Potentiale oder soziokulturelle M\u00f6glichkeiten freilegen, die bisher verborgen waren.<\/p>\n","protected":false},"featured_media":3379,"comment_status":"open","ping_status":"closed","template":"","meta":[],"class_list":{"0":"post-3378","1":"product","2":"type-product","3":"status-publish","4":"has-post-thumbnail","6":"product_cat-buecher","7":"product_cat-kunstbuecher","8":"product_cat-neu","9":"product_cat-theorie","10":"description-off","12":"first","13":"instock","14":"sold-individually","15":"taxable","16":"shipping-taxable","17":"purchasable","18":"product-type-simple"},"_links":{"self":[{"href":"https:\/\/shop.monochrom.at\/index.php?rest_route=\/wp\/v2\/product\/3378"}],"collection":[{"href":"https:\/\/shop.monochrom.at\/index.php?rest_route=\/wp\/v2\/product"}],"about":[{"href":"https:\/\/shop.monochrom.at\/index.php?rest_route=\/wp\/v2\/types\/product"}],"replies":[{"embeddable":true,"href":"https:\/\/shop.monochrom.at\/index.php?rest_route=%2Fwp%2Fv2%2Fcomments&post=3378"}],"wp:featuredmedia":[{"embeddable":true,"href":"https:\/\/shop.monochrom.at\/index.php?rest_route=\/wp\/v2\/media\/3379"}],"wp:attachment":[{"href":"https:\/\/shop.monochrom.at\/index.php?rest_route=%2Fwp%2Fv2%2Fmedia&parent=3378"}],"curies":[{"name":"wp","href":"https:\/\/api.w.org\/{rel}","templated":true}]}}