{"id":3366,"date":"2021-05-25T01:35:51","date_gmt":"2021-05-24T23:35:51","guid":{"rendered":"https:\/\/shop.monochrom.at\/?post_type=product&#038;p=3366"},"modified":"2024-01-15T00:00:02","modified_gmt":"2024-01-14T23:00:02","slug":"anne-glassner-schlafen","status":"publish","type":"product","link":"https:\/\/shop.monochrom.at\/?product=anne-glassner-schlafen","title":{"rendered":"Anne Glassner \u2014 SCHLAFEN"},"content":{"rendered":"","protected":false},"excerpt":{"rendered":"<p>Anne Glassner ist bildende K\u00fcnstlerin und Performerin. Die Thematik des Schlafes ist seit einiger Zeit ein zentraler Punkt ihrer k\u00fcnstlerischen Arbeiten, die unter anderem in \u201eSchlafperformances\u201c ihren Ausdruck findet. Dabei l\u00e4sst sich die K\u00fcnstlerin an ungew\u00f6hnlichen Orten beim Schlafen beobachten. Die Grenzen zwischen Kunst und Leben, sowie zwischen Fiktion und Realit\u00e4t werden hier ausgelotet und vermengen sich in anderer Form neu. Bezeichnend f\u00fcr Anne Glassners Zugang sind die stetigen Fragen zur Selbst-und Fremdwahrnehmung, sowie zu den Schnittmengen von Intimit\u00e4t und \u00d6ffentlichkeit.<\/p>\n<p>Anne Glassner is a visual artist and performer. Her performances, videos, installations and drawings deal with intensive observations of recurring, everyday acts. The theme of sleep has been a central point of her artistic work for some time now, which she expresses, amongst other ways, through \u201csleep performances\u201c, in which she allows others to observe her sleeping in unusual places. In her works she blurs the boundaries between art and life as well as fiction and reality, and she raises questions concerning selfperception and external perception as well as the intersections of the private and the public.<\/p>\n","protected":false},"featured_media":3367,"comment_status":"open","ping_status":"closed","template":"","meta":[],"class_list":{"0":"post-3366","1":"product","2":"type-product","3":"status-publish","4":"has-post-thumbnail","6":"product_cat-buecher","7":"product_cat-kunstbuecher","8":"product_cat-neu","9":"description-off","11":"first","12":"instock","13":"taxable","14":"shipping-taxable","15":"purchasable","16":"product-type-simple"},"_links":{"self":[{"href":"https:\/\/shop.monochrom.at\/index.php?rest_route=\/wp\/v2\/product\/3366"}],"collection":[{"href":"https:\/\/shop.monochrom.at\/index.php?rest_route=\/wp\/v2\/product"}],"about":[{"href":"https:\/\/shop.monochrom.at\/index.php?rest_route=\/wp\/v2\/types\/product"}],"replies":[{"embeddable":true,"href":"https:\/\/shop.monochrom.at\/index.php?rest_route=%2Fwp%2Fv2%2Fcomments&post=3366"}],"wp:featuredmedia":[{"embeddable":true,"href":"https:\/\/shop.monochrom.at\/index.php?rest_route=\/wp\/v2\/media\/3367"}],"wp:attachment":[{"href":"https:\/\/shop.monochrom.at\/index.php?rest_route=%2Fwp%2Fv2%2Fmedia&parent=3366"}],"curies":[{"name":"wp","href":"https:\/\/api.w.org\/{rel}","templated":true}]}}