{"id":3180,"date":"2020-09-22T12:52:23","date_gmt":"2020-09-22T10:52:23","guid":{"rendered":"https:\/\/testing.pixelcat.at\/?post_type=product&#038;p=3180"},"modified":"2024-01-15T00:00:16","modified_gmt":"2024-01-14T23:00:16","slug":"only-yu","status":"publish","type":"product","link":"https:\/\/shop.monochrom.at\/?product=only-yu","title":{"rendered":"Branko Lenart &#8211; ONLY YU"},"content":{"rendered":"","protected":false},"excerpt":{"rendered":"<div class=\"col-sm-8\">\n<p class=\"form-control-static\">Die im Katalog ONLY YU, bis auf neun zum ersten Mal ver\u00f6ffentlichten Aufnahmen sind auf diversen Reisen durch das ehemalige Jugoslawien, in Bosnien-Herzegowina, Kroatien, Montenegro und Slowenien zwischen 1965 und 1971 entstanden und dienen einerseits einem allgemeinen, kollektiven Erinnern, sei es an Orte, Menschen, Dinge oder Begebenheiten. Sie provozieren andererseits aber auch individuelle Erinnerungen, die sich &#8211; im besten weil effektivsten Fall &#8211; so unwillentlich wie der Geschmack eines franz\u00f6sischen Teegeb\u00e4cks, das dem Ich-Erz\u00e4hler in Marcel Prousts Suche nach der verlorenen Zeit ganz spontan in seine Kindheit zur\u00fcckversetzt, ergeben.<\/p>\n<\/div>\n","protected":false},"featured_media":3181,"comment_status":"open","ping_status":"closed","template":"","meta":[],"class_list":{"0":"post-3180","1":"product","2":"type-product","3":"status-publish","4":"has-post-thumbnail","6":"product_cat-buecher","7":"product_cat-kunstbuecher","8":"product_cat-neu","9":"description-off","11":"first","12":"instock","13":"taxable","14":"shipping-taxable","15":"purchasable","16":"product-type-simple"},"_links":{"self":[{"href":"https:\/\/shop.monochrom.at\/index.php?rest_route=\/wp\/v2\/product\/3180"}],"collection":[{"href":"https:\/\/shop.monochrom.at\/index.php?rest_route=\/wp\/v2\/product"}],"about":[{"href":"https:\/\/shop.monochrom.at\/index.php?rest_route=\/wp\/v2\/types\/product"}],"replies":[{"embeddable":true,"href":"https:\/\/shop.monochrom.at\/index.php?rest_route=%2Fwp%2Fv2%2Fcomments&post=3180"}],"wp:featuredmedia":[{"embeddable":true,"href":"https:\/\/shop.monochrom.at\/index.php?rest_route=\/wp\/v2\/media\/3181"}],"wp:attachment":[{"href":"https:\/\/shop.monochrom.at\/index.php?rest_route=%2Fwp%2Fv2%2Fmedia&parent=3180"}],"curies":[{"name":"wp","href":"https:\/\/api.w.org\/{rel}","templated":true}]}}