{"id":3174,"date":"2020-10-16T14:42:54","date_gmt":"2020-10-16T12:42:54","guid":{"rendered":"https:\/\/testing.pixelcat.at\/?post_type=product&#038;p=3174"},"modified":"2024-09-16T21:37:20","modified_gmt":"2024-09-16T19:37:20","slug":"anima-ex-machina","status":"publish","type":"product","link":"https:\/\/shop.monochrom.at\/?product=anima-ex-machina","title":{"rendered":"Michael Marrak &#8211; ANIMA EX MACHINA"},"content":{"rendered":"","protected":false},"excerpt":{"rendered":"<div class=\"col-xs-6 col-sm-9 main\">\n<div class=\"form-horizontal hidden-xs\">\n<div id=\"ember584\" class=\"ember-view\">\n<div class=\"form-group \">\n<div class=\"col-sm-8\">\n<p class=\"form-control-static\">Acht Monate sind vergangen, seit die Wandlerin Ninive aus der Welt jenseits der Bannmauer zur\u00fcckgekehrt ist und Aris seine Gabe, tote Materie zu beseelen, f\u00fcr sie geopfert hat. Die Kronstadt ger\u00e4t in Aufruhr, als beunruhigende Ger\u00fcchte aus der Pr\u00e4numerischen \u00d6de die Runde machen, wonach Wildmechanoiden damit begonnen h\u00e4tten, sich \u00e4u\u00dferst merkw\u00fcrdig zu verhalten. So wurde die Paragrafschaft Vapora von einer Invasion Asterscher Dampfk\u00e4fer heimgesucht, die sich wie auf ein geheimes Zeichen hin in die Wolken erhoben, um kurz darauf zu Abertausenden leblos wieder herabzuregnen. Handlungsreisende aus dem Distrikt Ampherion erz\u00e4hlen, in H\u00f6hlen und Grotten, die sie als n\u00e4chtliche Ruhepl\u00e4tze aufgesucht hatten, Scharen schutzsuchender Mechas vorgefunden zu haben, und pilgernde M\u00f6nche aus dem Kloster Dualon berichten von Schellern und Makula-Tieren, die sich ihre Messerspindeln und Weidewalzen abrei\u00dfen w\u00fcrden, um Jagd auf Kleinmechanoiden machten, statt friedlich in Auen und an Bergh\u00e4ngen zu weiden. Fast scheint es, als w\u00fcrde sich eine Seuche im Land ausbreiten, die seine mechanischen Bewohner zu irrationalem Verhalten verleitet \u2013 aggressiv, ungehemmt, unberechenbar. Und \u00fcber allem schwebt eine Bedrohung, die \u00e4lter ist als der Kataklysmos, welcher dem Goldenen Zeitalter der Menschen vor Jahrtausenden ein Ende bereitet hatte. Doch von all dem ahnt Ninive nichts, als sie das Hochland verl\u00e4sst und erstmals seit vielen Jahren wieder vor den Toren der von beseelten Maschinen bewohnten Kronstadt steht \u2026<\/p>\n<\/div>\n<\/div>\n<\/div>\n<\/div>\n<\/div>\n","protected":false},"featured_media":3185,"comment_status":"open","ping_status":"closed","template":"","meta":[],"class_list":{"0":"post-3174","1":"product","2":"type-product","3":"status-publish","4":"has-post-thumbnail","6":"product_cat-buecher","7":"product_cat-literatur","8":"product_cat-neu","9":"description-off","11":"first","12":"instock","13":"taxable","14":"shipping-taxable","15":"purchasable","16":"product-type-variable","17":"has-default-attributes"},"_links":{"self":[{"href":"https:\/\/shop.monochrom.at\/index.php?rest_route=\/wp\/v2\/product\/3174"}],"collection":[{"href":"https:\/\/shop.monochrom.at\/index.php?rest_route=\/wp\/v2\/product"}],"about":[{"href":"https:\/\/shop.monochrom.at\/index.php?rest_route=\/wp\/v2\/types\/product"}],"replies":[{"embeddable":true,"href":"https:\/\/shop.monochrom.at\/index.php?rest_route=%2Fwp%2Fv2%2Fcomments&post=3174"}],"wp:featuredmedia":[{"embeddable":true,"href":"https:\/\/shop.monochrom.at\/index.php?rest_route=\/wp\/v2\/media\/3185"}],"wp:attachment":[{"href":"https:\/\/shop.monochrom.at\/index.php?rest_route=%2Fwp%2Fv2%2Fmedia&parent=3174"}],"curies":[{"name":"wp","href":"https:\/\/api.w.org\/{rel}","templated":true}]}}