{"id":3090,"date":"2011-12-31T13:58:41","date_gmt":"2011-12-31T12:58:41","guid":{"rendered":"https:\/\/testing.pixelcat.at\/?post_type=product&#038;p=3090"},"modified":"2024-01-15T00:01:36","modified_gmt":"2024-01-14T23:01:36","slug":"how-to-make-the-world-work","status":"publish","type":"product","link":"https:\/\/shop.monochrom.at\/?product=how-to-make-the-world-work","title":{"rendered":"How to Make the World Work:"},"content":{"rendered":"","protected":false},"excerpt":{"rendered":"<div class=\"portfolioContent\">\n<div class=\"singleDescription\">\n<div>\n<h4>Richard Buckminster Fuller World Game Lab<\/h4>\n<p class=\"align-justify\">Unter der Motto \u201erethinking, redoing, replaying Richard Buckminster Fuller\u2019s utopies\u201c, veranstaltete das RBF-I Austria in Zusammenarbeit mit der \u00d6sterreichischen Friedrich und Lillian Kiesler Privatstiftung und dem Architekturzentrum Wien, im Herbst 2011, eine zweit\u00e4gige, interdisziplin\u00e4r besetzte Konferenz zu Buckminster Fuller\u2018s World Game.<\/p>\n<p class=\"align-justify\">Als Ergebnis dieses Symposiums liegt nun die Dokumentation in Form einer Brosch\u00fcre vor. Die Publikation ist Etappenziel und Umsetzungarbeit am Weg hin zu einem tats\u00e4chlich zu spielenden<\/p>\n<p class=\"align-justify\">World Game.<\/p>\n<p class=\"align-justify\">\n<\/div>\n<h5>mit Beitr\u00e4gen von<\/h5>\n<p class=\"bodytext\">G\u00fcnther Friesinger, Harald Katzmair, Joachim Krausse, Gerfried Stocker, Ronald Strasser, Thomas Thurner und Gerd Zillner.<\/p>\n<p class=\"bodytext\">\n<\/div>\n<\/div>\n","protected":false},"featured_media":3091,"comment_status":"open","ping_status":"closed","template":"","meta":[],"class_list":{"0":"post-3090","1":"product","2":"type-product","3":"status-publish","4":"has-post-thumbnail","6":"product_cat-buch-kooperationen","7":"product_cat-buecher","8":"product_cat-kiesler-stiftung-wien","9":"description-off","11":"first","12":"instock","13":"taxable","14":"shipping-taxable","15":"purchasable","16":"product-type-variable"},"_links":{"self":[{"href":"https:\/\/shop.monochrom.at\/index.php?rest_route=\/wp\/v2\/product\/3090"}],"collection":[{"href":"https:\/\/shop.monochrom.at\/index.php?rest_route=\/wp\/v2\/product"}],"about":[{"href":"https:\/\/shop.monochrom.at\/index.php?rest_route=\/wp\/v2\/types\/product"}],"replies":[{"embeddable":true,"href":"https:\/\/shop.monochrom.at\/index.php?rest_route=%2Fwp%2Fv2%2Fcomments&post=3090"}],"wp:featuredmedia":[{"embeddable":true,"href":"https:\/\/shop.monochrom.at\/index.php?rest_route=\/wp\/v2\/media\/3091"}],"wp:attachment":[{"href":"https:\/\/shop.monochrom.at\/index.php?rest_route=%2Fwp%2Fv2%2Fmedia&parent=3090"}],"curies":[{"name":"wp","href":"https:\/\/api.w.org\/{rel}","templated":true}]}}