{"id":3088,"date":"2011-07-31T13:53:33","date_gmt":"2011-07-31T11:53:33","guid":{"rendered":"https:\/\/testing.pixelcat.at\/?post_type=product&#038;p=3088"},"modified":"2024-01-15T00:01:02","modified_gmt":"2024-01-14T23:01:02","slug":"open-government-data","status":"publish","type":"product","link":"https:\/\/shop.monochrom.at\/?product=open-government-data","title":{"rendered":"Open Government Data"},"content":{"rendered":"","protected":false},"excerpt":{"rendered":"<h4>Weiszbuch<\/h4>\n<p class=\"align-justify\">Anl\u00e4\u00dflich der Zukunftsgespr\u00e4che beim diesj\u00e4hrigen Europ\u00e4ischen Forum Alpbach pr\u00e4sentierte Martin Kaltenb\u00f6ck das Open Government Data Wei\u00dfbuch, als erste \u00f6sterreichische Publikation zum Thema \u201eUmgang mit Daten des \u00f6ffentlichen Sektors\u201c. Kaltenb\u00f6ck und Koherausgeber Thomas Thurner haben im Wei\u00dfbuch Probleme, Chancen, Handlungsbedarfe und Empfehlungen entlang der Anforderungen der relevanten Stakeholder (Wirtschaft, Politik, \u00f6ffentliche Verwaltung und B\u00fcrgerInnen \/ \u00d6ffentlichkeit sowie Medien und Wissenschaft) zusammengetragen. Dieser Band bietet nun erstmals einen \u00dcberblick \u00fcber den Status der \u00f6sterreichischen Diskussion zu Open Government Data und wagt Ausblicke und ebenso Empfehlungen abzugeben.<\/p>\n<h4 class=\"bodytext\">Das Open Government Data Weissbuch beinhaltet<\/h4>\n<p class=\"bodytext\">* Eine rasche Einf\u00fchrung in Open Government Data<\/p>\n<p class=\"bodytext\">* Die \u00d6sterreichische OGD- Anforderungsanalyse<\/p>\n<p class=\"bodytext\">* Open Government Data Guidelines f\u00fcr \u00d6sterreich<\/p>\n<p class=\"bodytext\">* sowie einen ausf\u00fchrlichen Materialienteil<\/p>\n<h4>Beitr\u00e4ge von<\/h4>\n<p class=\"bodytext\">Peter Parycek, Tassilo Pellegrini, Judith SChossb\u00f6ck, Thomas Thurner<\/p>\n","protected":false},"featured_media":3089,"comment_status":"open","ping_status":"closed","template":"","meta":[],"class_list":{"0":"post-3088","1":"product","2":"type-product","3":"status-publish","4":"has-post-thumbnail","6":"product_cat-buch-kooperationen","7":"product_cat-buecher","8":"product_cat-donau-universitat-krems","9":"product_cat-theorie","10":"description-off","12":"first","13":"instock","14":"taxable","15":"shipping-taxable","16":"purchasable","17":"product-type-simple"},"_links":{"self":[{"href":"https:\/\/shop.monochrom.at\/index.php?rest_route=\/wp\/v2\/product\/3088"}],"collection":[{"href":"https:\/\/shop.monochrom.at\/index.php?rest_route=\/wp\/v2\/product"}],"about":[{"href":"https:\/\/shop.monochrom.at\/index.php?rest_route=\/wp\/v2\/types\/product"}],"replies":[{"embeddable":true,"href":"https:\/\/shop.monochrom.at\/index.php?rest_route=%2Fwp%2Fv2%2Fcomments&post=3088"}],"wp:featuredmedia":[{"embeddable":true,"href":"https:\/\/shop.monochrom.at\/index.php?rest_route=\/wp\/v2\/media\/3089"}],"wp:attachment":[{"href":"https:\/\/shop.monochrom.at\/index.php?rest_route=%2Fwp%2Fv2%2Fmedia&parent=3088"}],"curies":[{"name":"wp","href":"https:\/\/api.w.org\/{rel}","templated":true}]}}