{"id":2918,"date":"2014-08-15T15:40:33","date_gmt":"2014-08-15T13:40:33","guid":{"rendered":"https:\/\/testing.pixelcat.at\/?post_type=product&#038;p=2918"},"modified":"2024-01-15T00:00:52","modified_gmt":"2024-01-14T23:00:52","slug":"innovationspreis-2014","status":"publish","type":"product","link":"https:\/\/shop.monochrom.at\/?product=innovationspreis-2014","title":{"rendered":"Innovationspreis 2014"},"content":{"rendered":"","protected":false},"excerpt":{"rendered":"<h4>der freien Kulturszene Wiens<\/h4>\n<p class=\"align-justify\">Seit 2003 schreibt die Interessengemeinschaft Kultur Wien erfolgreich den Innovationspreis der freien Kulturszene Wiens in den Kategorien Internationaler Austausch und Projekte in der Stadt Wien aus. Jahr f\u00fcr Jahr steigerte sich dadurch die \u00f6ffentliche Wahrnehmung des Innovationspreises \u2013 der durch ein partizipatives Verfahren vergeben wird \u2013 innerhalb von Wien und dar\u00fcber hinaus. Wir wollen eine Gesellschaft, in der die Menschen \u2013 ihre Bed\u00fcrfnisse und Unterschiedlichkeiten \u2013 im Zentrum stehen. Damit verbunden ist die Forderung nach einem guten Leben. Das hei\u00dft, in einer Stadt (sowie Welt) zu leben, in der grunds\u00e4tzlich jeder und jedem ein Leben ohne existenzielle Bedrohung m\u00f6glich ist. Und das inkludiert ein Recht auf Stadt, auf Wohnraum, Nahrung, Bildung und auf Selbstbestimmung, nicht nur f\u00fcr uns, sondern auch f\u00fcr zuk\u00fcnftige Generationen. Wir brauchen Wege, in denen Politik nicht \u00fcber die K\u00f6pfe von Betroffenen hinweg gemacht, sondern von der Bev\u00f6lkerung selbstbestimmt und selbstorganisiert gelebt wird. Wir brauchen ein anderes Miteinander und In-Austausch-Treten. Freie und autonome Kulturarbeit, Kulturzentren, selbstverwaltete (Frei-)R\u00e4ume und Gr\u00e4tzeltreffpunkte bieten (meist nicht-kommerzielle) Begegnungsorte, an denen verschiedene Bewohner_innen der Stadt in Austausch treten k\u00f6nnen. Sie sind jene Orte, wo ein anderes Miteinander erprobt und verhandelt wird. Erfahrungen aus diesen Nischen k\u00f6nnen dazu beitragen, Perspektiven auf dieses andere Miteinander auch in gr\u00f6\u00dferen Zusammenh\u00e4ngen zu er\u00f6ffnen. Bei dem vorhandenen Leerstand und dem gro\u00dfen Bedarf an Platz in der Stadt (nicht nur von Kulturschaffenden) g\u00e4be es etliches an Potential, diese Treffpunkte und Austauschorte zu vervielf\u00e4ltigen. Damit dies m\u00f6glich wird, gilt es die K\u00f6pfe vieler zu erreichen, auch die K\u00f6pfe der Politiker_innen und Entscheidungstr\u00e4ger_innen. Es sei auch ihnen die Auseinandersetzung mit den Projekten des \u201eInnovationspreis der freien Kulturszene Wiens\u201c \u2013 der heuer bereits in sein zehntes Jahr geht \u2013 ans Herz gelegt. Der Katalog gibt Einblicke in dieses andere Miteinander, das laufend in der unabh\u00e4ngigen Kulturszene in Wien (und dar\u00fcber hinaus) passiert, und l\u00e4sst jenes Potential eines anderen Stadtlebens aufblitzen, das vielfach \u2013 und keinesfalls nur mehr in Nischen \u2013 entfaltet werden k\u00f6nnte!<\/p>\n","protected":false},"featured_media":2919,"comment_status":"open","ping_status":"closed","template":"","meta":[],"class_list":{"0":"post-2918","1":"product","2":"type-product","3":"status-publish","4":"has-post-thumbnail","6":"product_cat-buecher","7":"product_cat-ig-kultur-wien","8":"description-off","10":"first","11":"instock","12":"taxable","13":"shipping-taxable","14":"purchasable","15":"product-type-simple"},"_links":{"self":[{"href":"https:\/\/shop.monochrom.at\/index.php?rest_route=\/wp\/v2\/product\/2918"}],"collection":[{"href":"https:\/\/shop.monochrom.at\/index.php?rest_route=\/wp\/v2\/product"}],"about":[{"href":"https:\/\/shop.monochrom.at\/index.php?rest_route=\/wp\/v2\/types\/product"}],"replies":[{"embeddable":true,"href":"https:\/\/shop.monochrom.at\/index.php?rest_route=%2Fwp%2Fv2%2Fcomments&post=2918"}],"wp:featuredmedia":[{"embeddable":true,"href":"https:\/\/shop.monochrom.at\/index.php?rest_route=\/wp\/v2\/media\/2919"}],"wp:attachment":[{"href":"https:\/\/shop.monochrom.at\/index.php?rest_route=%2Fwp%2Fv2%2Fmedia&parent=2918"}],"curies":[{"name":"wp","href":"https:\/\/api.w.org\/{rel}","templated":true}]}}