{"id":2905,"date":"2006-09-09T14:35:02","date_gmt":"2006-09-09T12:35:02","guid":{"rendered":"https:\/\/testing.pixelcat.at\/?post_type=product&#038;p=2905"},"modified":"2024-01-15T00:01:13","modified_gmt":"2024-01-14T23:01:13","slug":"nets-beyond-the-net","status":"publish","type":"product","link":"https:\/\/shop.monochrom.at\/?product=nets-beyond-the-net","title":{"rendered":"Nets beyond the net"},"content":{"rendered":"","protected":false},"excerpt":{"rendered":"<h4>paraflows 06<\/h4>\n<p class=\"align-justify\">Das Motto hinter paraflows 06 &#8211; Annual Convention f\u00fcr digitale Kunst und Kulturen in Wien ist das Konzept der &#8222;Netze hinter dem Netz&#8220;, was sowohl das Digitale hinter dem sozialen Netz als auch das Soziale hinter dem digitalen Netz meinen kann. Die Ausstellung paraflows 06 widmete sich aktuellen k\u00fcnstlerischen Positionen der digitalen Medien- und Netzkulturen. Es werden lokale und internationale Produktionen vorgestellt, deren Intention es ist, mittels neuerer medialer Kulturmittel unsere heutige Gesellschaft besser zu verstehen, zu kritisieren und zu gestalten. Entscheidend ist die Rolle neuerer Technologien f\u00fcr die Wahrnehmung und Entwicklung einer Gegenwartskultur &#8211; Software und Computerprogrammierung werden heute als Kulturtechnik verstanden. Die Ausstellung findet an verschiedenen Orten der Wiener Kunst- und Kulturszene statt, die von Kunst-\u00fcber Club zu Produktions- oder Galerier\u00e4umen reichen. Die Projekte sind teilweise f\u00fcr oder in Abstimmung mit den Locations entstanden.<\/p>\n<p class=\"align-justify\">\n","protected":false},"featured_media":2906,"comment_status":"open","ping_status":"closed","template":"","meta":[],"class_list":{"0":"post-2905","1":"product","2":"type-product","3":"status-publish","4":"has-post-thumbnail","6":"product_cat-buecher","7":"product_cat-paraflows","8":"description-off","10":"first","11":"instock","12":"taxable","13":"shipping-taxable","14":"purchasable","15":"product-type-simple"},"_links":{"self":[{"href":"https:\/\/shop.monochrom.at\/index.php?rest_route=\/wp\/v2\/product\/2905"}],"collection":[{"href":"https:\/\/shop.monochrom.at\/index.php?rest_route=\/wp\/v2\/product"}],"about":[{"href":"https:\/\/shop.monochrom.at\/index.php?rest_route=\/wp\/v2\/types\/product"}],"replies":[{"embeddable":true,"href":"https:\/\/shop.monochrom.at\/index.php?rest_route=%2Fwp%2Fv2%2Fcomments&post=2905"}],"wp:featuredmedia":[{"embeddable":true,"href":"https:\/\/shop.monochrom.at\/index.php?rest_route=\/wp\/v2\/media\/2906"}],"wp:attachment":[{"href":"https:\/\/shop.monochrom.at\/index.php?rest_route=%2Fwp%2Fv2%2Fmedia&parent=2905"}],"curies":[{"name":"wp","href":"https:\/\/api.w.org\/{rel}","templated":true}]}}