{"id":2903,"date":"2007-09-08T14:30:43","date_gmt":"2007-09-08T12:30:43","guid":{"rendered":"https:\/\/testing.pixelcat.at\/?post_type=product&#038;p=2903"},"modified":"2024-01-15T00:01:12","modified_gmt":"2024-01-14T23:01:12","slug":"un-space","status":"publish","type":"product","link":"https:\/\/shop.monochrom.at\/?product=un-space","title":{"rendered":"Un Space"},"content":{"rendered":"","protected":false},"excerpt":{"rendered":"<h4 class=\"singleTitle\">paraflows 07<\/h4>\n<p>Mit dem Titel UN SPACE wird in der diesj\u00e4hrigen Ausstellung von paraflows der unzug\u00e4ngliche, unsichtbare, theoretische und immaterielle Raum an sich thematisiert. Virtuelle R\u00e4ume, wie sie einerseits in Medien- und Netzkunst vorkommen, aber auch soziale und pers\u00f6nliche Raumdimensionen und Territorien und Realr\u00e4ume wie architektonische, geografische oder elementare, sollen in ihren Eigenschaften, Bedeutungen und individuellen Unzug\u00e4nglichkeiten erarbeitet, visualisiert und diskutiert werden. UN SPACE versteht sich auch als die Eliminierung von Abst\u00e4nden, Grenzen und Barrieren, die kulturelle, soziale, mediale und politische Realit\u00e4ten beeintr\u00e4chtigen. Konzepte, technische M\u00f6glichkeiten und theoretische Ans\u00e4tze zur Erschlie\u00dfung von unzug\u00e4nglichen Territorien sind diesj\u00e4hrige Schwerpunkte.<\/p>\n","protected":false},"featured_media":2904,"comment_status":"open","ping_status":"closed","template":"","meta":[],"class_list":{"0":"post-2903","1":"product","2":"type-product","3":"status-publish","4":"has-post-thumbnail","6":"product_cat-buecher","7":"product_cat-paraflows","8":"description-off","10":"first","11":"instock","12":"taxable","13":"shipping-taxable","14":"purchasable","15":"product-type-simple"},"_links":{"self":[{"href":"https:\/\/shop.monochrom.at\/index.php?rest_route=\/wp\/v2\/product\/2903"}],"collection":[{"href":"https:\/\/shop.monochrom.at\/index.php?rest_route=\/wp\/v2\/product"}],"about":[{"href":"https:\/\/shop.monochrom.at\/index.php?rest_route=\/wp\/v2\/types\/product"}],"replies":[{"embeddable":true,"href":"https:\/\/shop.monochrom.at\/index.php?rest_route=%2Fwp%2Fv2%2Fcomments&post=2903"}],"wp:featuredmedia":[{"embeddable":true,"href":"https:\/\/shop.monochrom.at\/index.php?rest_route=\/wp\/v2\/media\/2904"}],"wp:attachment":[{"href":"https:\/\/shop.monochrom.at\/index.php?rest_route=%2Fwp%2Fv2%2Fmedia&parent=2903"}],"curies":[{"name":"wp","href":"https:\/\/api.w.org\/{rel}","templated":true}]}}