{"id":2891,"date":"2013-09-09T12:37:08","date_gmt":"2013-09-09T10:37:08","guid":{"rendered":"https:\/\/testing.pixelcat.at\/?post_type=product&#038;p=2891"},"modified":"2024-01-15T00:00:55","modified_gmt":"2024-01-14T23:00:55","slug":"open-culture-2","status":"publish","type":"product","link":"https:\/\/shop.monochrom.at\/?product=open-culture-2","title":{"rendered":"OPEN CULTURE"},"content":{"rendered":"","protected":false},"excerpt":{"rendered":"<h4 class=\"singleTitle\">paraflows .8<\/h4>\n<p>Open Culture &#8211; eine offene Kultur, zug\u00e4ngliche kulturelle G\u00fcter und Information, \u00fcberliefertes Wissen f\u00fcr jedermann\/frau frei zug\u00e4nglich &#8211; ist das ein utopischer Gedanke? Wir reflektieren nicht nur Kulturrezeption und Kulturproduktion sondern auch das allt\u00e4gliche Aufbegehren der Konsumenten gegen diktiertes Warenangebot. Konsumenten werden zu Produzenten. Kreatives Potential entfaltet sich in gemeinschaftlichen Projekten und findet neue Formen der Distribution, des \u201eSharings\u201c. Ob kostenloser Lesestoff, K\u00fcchen aus M\u00fclltonnen im \u00f6ffentlichen Raum, DIY Anleitungen, Community G\u00e4rten, die altes Saatgut kultivieren oder das Wiederaufgreifen handwerklicher Bet\u00e4tigung &#8211; an vielen Beispielen sehen wir, wie aus purer Rezeption pl\u00f6tzlich der Partizipationsgedanke sprie\u00dft. Nat\u00fcrlich werden dadurch auch Fragen aufgeworfen, die wir diskutieren wollen. Wie kann freie Kultur funktionieren, wenn dies doch zugleich bedeutet, die eigene Kulturproduktion freizugeben? Wir m\u00f6chten uns Klarheit dar\u00fcber verschaffen, welcher Begriff von Kultur (und Freiheit) unserem Anspruch auf freien Zugang zu dieser zugrunde liegen soll, wie er sich in traditionelle Auffassungen f\u00fcgt und wo er sich gegen diese sperrt. Welche Experimente gab es schon und gibt es, welche Ideen waren fruchtbar und entwicklungsf\u00e4hig? paraflows .8 OPEN CULTURE ist ein offenes kulturelles Experiment, das zum Mitmachen einl\u00e4dt.<\/p>\n","protected":false},"featured_media":2892,"comment_status":"open","ping_status":"closed","template":"","meta":[],"class_list":{"0":"post-2891","1":"product","2":"type-product","3":"status-publish","4":"has-post-thumbnail","6":"product_cat-buecher","7":"product_cat-paraflows","8":"description-off","10":"first","11":"instock","12":"taxable","13":"shipping-taxable","14":"purchasable","15":"product-type-simple"},"_links":{"self":[{"href":"https:\/\/shop.monochrom.at\/index.php?rest_route=\/wp\/v2\/product\/2891"}],"collection":[{"href":"https:\/\/shop.monochrom.at\/index.php?rest_route=\/wp\/v2\/product"}],"about":[{"href":"https:\/\/shop.monochrom.at\/index.php?rest_route=\/wp\/v2\/types\/product"}],"replies":[{"embeddable":true,"href":"https:\/\/shop.monochrom.at\/index.php?rest_route=%2Fwp%2Fv2%2Fcomments&post=2891"}],"wp:featuredmedia":[{"embeddable":true,"href":"https:\/\/shop.monochrom.at\/index.php?rest_route=\/wp\/v2\/media\/2892"}],"wp:attachment":[{"href":"https:\/\/shop.monochrom.at\/index.php?rest_route=%2Fwp%2Fv2%2Fmedia&parent=2891"}],"curies":[{"name":"wp","href":"https:\/\/api.w.org\/{rel}","templated":true}]}}