{"id":2887,"date":"2016-09-17T12:23:45","date_gmt":"2016-09-17T10:23:45","guid":{"rendered":"https:\/\/testing.pixelcat.at\/?post_type=product&#038;p=2887"},"modified":"2024-01-15T00:00:33","modified_gmt":"2024-01-14T23:00:33","slug":"identity","status":"publish","type":"product","link":"https:\/\/shop.monochrom.at\/?product=identity","title":{"rendered":"Identity"},"content":{"rendered":"","protected":false},"excerpt":{"rendered":"<h4>paraflows .XI<\/h4>\n<p class=\"bodytext\">Wer sind wir? Welche Merkmale machen uns aus? Es gibt diverse biologische &#8211; daher vererbte -physische Auspr\u00e4gungen, die Identit\u00e4t ausmachen. Geschlecht, Haarfarbe, Augenfarbe, K\u00f6rpergr\u00f6\u00dfe, Fingerabdr\u00fccke, \u2026 Eigenschaften, an denen man selbst nur schwer etwas \u00e4ndern kann. Die gesellschaftlichen, medialen und konstruierten Formen von Identit\u00e4t sind hingegen sehr wohl beeinflussbar. Wieviel(e) Identit\u00e4t(en) braucht man, und wozu? Woher kommt der Wunsch nach Selbsterfindung, nach einem oder mehreren Alter Egos, nach Kontrolle \u00fcber die Au\u00dfenwahrnehmung? Was unterscheidet die Kunstfigur vom Avatar? Ist es der Wunsch des Menschen, Sch\u00f6pfer und Gesch\u00f6pf gleicherma\u00dfen zu sein? Aber nicht nur die Konstruktionsm\u00f6glichkeiten von Identit\u00e4t entwickeln sich rasant, auch die \u00dcberpr\u00fcfung und Verifizierung derselben wird immer ausgefeilter. Nicht nur auf Reisen\u00a0wird die Identit\u00e4t abgefragt sondern bei jedem Einkauf, beim Betreten \u00f6ffentlicher Pl\u00e4tze, beim Arzt, im Restaurant,\u00a0in den Social Media &#8230; wie gehen wir um mit den Datenstr\u00f6men, die wir erzeugen? Wie verhalten wir uns, wie sch\u00fctzen wir uns? Wie wird man gemappt? Wie wirken sich migrantische Szenarien auf die Konstruktion von Identit\u00e4t aus? Wie steht es um K\u00fcnstlernamen, Kunstfiguren? Mit paraflows .XI wollen wir nach den Bausteinen von Identit\u00e4t suchen, Variablen finden und diese unterschiedlich<\/p>\n","protected":false},"featured_media":2888,"comment_status":"open","ping_status":"closed","template":"","meta":[],"class_list":{"0":"post-2887","1":"product","2":"type-product","3":"status-publish","4":"has-post-thumbnail","6":"product_cat-buecher","7":"product_cat-paraflows","8":"description-off","10":"first","11":"instock","12":"taxable","13":"shipping-taxable","14":"purchasable","15":"product-type-simple"},"_links":{"self":[{"href":"https:\/\/shop.monochrom.at\/index.php?rest_route=\/wp\/v2\/product\/2887"}],"collection":[{"href":"https:\/\/shop.monochrom.at\/index.php?rest_route=\/wp\/v2\/product"}],"about":[{"href":"https:\/\/shop.monochrom.at\/index.php?rest_route=\/wp\/v2\/types\/product"}],"replies":[{"embeddable":true,"href":"https:\/\/shop.monochrom.at\/index.php?rest_route=%2Fwp%2Fv2%2Fcomments&post=2887"}],"wp:featuredmedia":[{"embeddable":true,"href":"https:\/\/shop.monochrom.at\/index.php?rest_route=\/wp\/v2\/media\/2888"}],"wp:attachment":[{"href":"https:\/\/shop.monochrom.at\/index.php?rest_route=%2Fwp%2Fv2%2Fmedia&parent=2887"}],"curies":[{"name":"wp","href":"https:\/\/api.w.org\/{rel}","templated":true}]}}