{"id":2856,"date":"2007-05-31T21:31:38","date_gmt":"2007-05-31T19:31:38","guid":{"rendered":"https:\/\/testing.pixelcat.at\/?post_type=product&#038;p=2856"},"modified":"2023-01-18T11:09:11","modified_gmt":"2023-01-18T10:09:11","slug":"vipa","status":"publish","type":"product","link":"https:\/\/shop.monochrom.at\/?product=vipa","title":{"rendered":"VIPA"},"content":{"rendered":"<h4>Virtual campus for virtual space design provided\u00a0for European architects<\/h4>\n<p class=\"align-justify\">VIPA war ein EU-Forschungsprojekt, bei dem in zwei Jahren ein transnationaler virtueller Campus f\u00fcr vier europ\u00e4ische Architekturfakult\u00e4ten konzipiert und realisiert wurde. Dieser Internet-Campus dient als eine e-learning und Forschungsplattform f\u00fcr Virtual Space Design, eine neue Disziplin, f\u00fcr die im Rahmen des Projekts auch ein Curriculum entwickelt wurde. Virtual Space Design befasst sich mit der Gestaltung von virtuellen R\u00e4umen. Diese immateriellen Medienr\u00e4ume gewinnen in vielen Zusammenh\u00e4ngen an Bedeutung, momentan haupts\u00e4chlich in der Unterhaltungsindustrie \u2013 aber auch andere Bereiche des Lebens werden durch Virtual-Reality-Konzepte beeinflusst. Wie reale Architekturen m\u00fcssen auch diese virtuellen Architekturen gestaltet werden. F\u00fcr ArchitektInnen entstehen so neue Bet\u00e4tigungsfelder. Zielsetzung von VIPA war die Entwicklung von curricularen Werkzeugen, die die Architekturausbildung in diesen Bereichen erweitern und verbessern. Das Projekt wurde von der Grazer Media-Design-Agentur adm\u2122 entwickelt. \u201eVIPA\u201c dokumentiert Forschungsziele, Ergebnisse und Perspektiven.<\/p>\n","protected":false},"excerpt":{"rendered":"<p>Virtual campus for virtual space design provided\u00a0for European architects VIPA war ein EU-Forschungsprojekt, bei dem in zwei Jahren ein transnationaler virtueller Campus f\u00fcr vier europ\u00e4ische Architekturfakult\u00e4ten konzipiert und realisiert wurde. Dieser Internet-Campus dient als eine e-learning und Forschungsplattform f\u00fcr Virtual Space Design, eine neue Disziplin, f\u00fcr die im Rahmen des Projekts auch ein Curriculum entwickelt&hellip;<\/p>\n","protected":false},"featured_media":2857,"comment_status":"open","ping_status":"closed","template":"","meta":[],"class_list":{"0":"post-2856","1":"product","2":"type-product","3":"status-publish","4":"has-post-thumbnail","6":"product_cat-buecher","7":"product_cat-theorie","8":"description-off","10":"first","11":"outofstock","12":"taxable","13":"shipping-taxable","14":"purchasable","15":"product-type-simple"},"_links":{"self":[{"href":"https:\/\/shop.monochrom.at\/index.php?rest_route=\/wp\/v2\/product\/2856"}],"collection":[{"href":"https:\/\/shop.monochrom.at\/index.php?rest_route=\/wp\/v2\/product"}],"about":[{"href":"https:\/\/shop.monochrom.at\/index.php?rest_route=\/wp\/v2\/types\/product"}],"replies":[{"embeddable":true,"href":"https:\/\/shop.monochrom.at\/index.php?rest_route=%2Fwp%2Fv2%2Fcomments&post=2856"}],"wp:featuredmedia":[{"embeddable":true,"href":"https:\/\/shop.monochrom.at\/index.php?rest_route=\/wp\/v2\/media\/2857"}],"wp:attachment":[{"href":"https:\/\/shop.monochrom.at\/index.php?rest_route=%2Fwp%2Fv2%2Fmedia&parent=2856"}],"curies":[{"name":"wp","href":"https:\/\/api.w.org\/{rel}","templated":true}]}}