{"id":2831,"date":"2017-09-17T20:03:15","date_gmt":"2017-09-17T18:03:15","guid":{"rendered":"https:\/\/testing.pixelcat.at\/?post_type=product&#038;p=2831"},"modified":"2024-01-15T00:01:25","modified_gmt":"2024-01-14T23:01:25","slug":"id-entity","status":"publish","type":"product","link":"https:\/\/shop.monochrom.at\/?product=id-entity","title":{"rendered":"ID\/ENTITY"},"content":{"rendered":"","protected":false},"excerpt":{"rendered":"<h4>Entw\u00fcrfe \u2013 Erz\u00e4hlungen \u2013 Perspektiven<\/h4>\n<p class=\"align-justify\">Auf Basis sich verbreiternder Informationsmaterialien und damit auch vielf\u00e4ltiger Angebote zur Arbeit am Ich wird die Frage nach dem Bauplan des modernen Subjekts neu reflektiert. Insbesondere Aspekte der Normierung sowie des Verh\u00e4ltnisses unseres Ichs zum Netz und den damit verbundenen Machtstrukturen finden sich in der Auseinandersetzung. Als Quelle von Sinn und Erfahrung grenzt Identit\u00e4t immer auch an Prozesse der Sinnkonstruktion, der Identifikation, an pers\u00f6nliche oder soziale Ziele und kulturelle Attribute. Die Baumaterialien unserer Identit\u00e4ten sind vielf\u00e4ltig: Religion, Biologie, Klasse, Rasse, Geschlecht, Kollektive, Phantasie, Kultur sowie Zeit sind nur einige der Quellen, auf die wir bei der Konstruktion unseres Ichs zur\u00fcckgreifen. Durch mediale Prozesse und Simulationen stellt sich zunehmend die Frage nach der Verarbeitung und Pr\u00e4sentation unserer Identit\u00e4ten, die in Bezug auf Selbstdarstellung und soziale Rollen im Einklang, Widerspruch oder Konflikt stehen k\u00f6nnen. Dennoch stellen wir uns Identit\u00e4t als jene Form vor, die nach au\u00dfen abgeschlossen und stabil ist und nach innen \u00fcber ein Bewusstsein von sich selbst verf\u00fcgt, das keine allzu gro\u00dfen Widerspr\u00fcche aushalten muss. Inwieweit aber stellen uns aktuelle gesellschaftliche und mediale Strukturen vor die Herausforderung, diese Widerspr\u00fcche zu integrieren?<\/p>\n","protected":false},"featured_media":2832,"comment_status":"open","ping_status":"closed","template":"","meta":[],"class_list":{"0":"post-2831","1":"product","2":"type-product","3":"status-publish","4":"has-post-thumbnail","6":"product_cat-buecher","7":"product_cat-theorie","8":"description-off","10":"first","11":"instock","12":"taxable","13":"shipping-taxable","14":"purchasable","15":"product-type-variable"},"_links":{"self":[{"href":"https:\/\/shop.monochrom.at\/index.php?rest_route=\/wp\/v2\/product\/2831"}],"collection":[{"href":"https:\/\/shop.monochrom.at\/index.php?rest_route=\/wp\/v2\/product"}],"about":[{"href":"https:\/\/shop.monochrom.at\/index.php?rest_route=\/wp\/v2\/types\/product"}],"replies":[{"embeddable":true,"href":"https:\/\/shop.monochrom.at\/index.php?rest_route=%2Fwp%2Fv2%2Fcomments&post=2831"}],"wp:featuredmedia":[{"embeddable":true,"href":"https:\/\/shop.monochrom.at\/index.php?rest_route=\/wp\/v2\/media\/2832"}],"wp:attachment":[{"href":"https:\/\/shop.monochrom.at\/index.php?rest_route=%2Fwp%2Fv2%2Fmedia&parent=2831"}],"curies":[{"name":"wp","href":"https:\/\/api.w.org\/{rel}","templated":true}]}}