{"id":2827,"date":"2018-09-09T19:59:39","date_gmt":"2018-09-09T17:59:39","guid":{"rendered":"https:\/\/testing.pixelcat.at\/?post_type=product&#038;p=2827"},"modified":"2024-09-16T21:37:20","modified_gmt":"2024-09-16T19:37:20","slug":"end-zeit","status":"publish","type":"product","link":"https:\/\/shop.monochrom.at\/?product=end-zeit","title":{"rendered":"End\/Zeit"},"content":{"rendered":"","protected":false},"excerpt":{"rendered":"<h4>Das Apokalyptische zwischen Politik, Prognose und Technologie<\/h4>\n<p class=\"align-justify\">Die Rhetorik des Apokalyptischen hat \u2013 wieder einmal, so ist man versucht festzustellen \u2013 Konjunktur. H\u00e4ufiger beil\u00e4ufig aufgerufen denn wirklich adressiert, fungiert das endzeitliche Begriffsfeld als taugliches und vielverwendetes Register, ganz unabh\u00e4ngig von Intention oder Position. Das in das Vokabular eingelassene Potential reicht dabei, auch \u00fcber tiefenhistorische Entwicklungen und Verschiebungen hinweg, vom allgemeinen Untergang \u00fcber das Ende derzeitiger Weltverh\u00e4ltnisse bis zu \u00fcberirdischer Gerichtsbarkeit oder der Entschleierung tats\u00e4chlicher Seinsverh\u00e4ltnisse. paraflows, das in seinem Selbstverst\u00e4ndnis als auch in den Programmen seit seinem Entstehen stets f\u00fcr eine Relation zwischen theoretischen Konzeptionen und praktischen Applikationen mit Blick auf Technik bzw. Politik eingetreten ist, widmete sich angesichts der Zumutungen unserer Berichtsgegenwart ganz vors\u00e4tzlich dem Thema der Endzeit unter den Schwerpunktsetzungen Kunst, Politik, Prognose und Technologie. Gem\u00e4\u00df dieser Leitlinien stehen Ver\u00e4nderungen, Formverluste und das Jonglieren mit Prognosen im Fokus der vorliegenden Publikation.<\/p>\n","protected":false},"featured_media":2830,"comment_status":"open","ping_status":"closed","template":"","meta":[],"class_list":{"0":"post-2827","1":"product","2":"type-product","3":"status-publish","4":"has-post-thumbnail","6":"product_cat-buecher","7":"product_cat-neu","8":"product_cat-theorie","9":"description-off","11":"first","12":"instock","13":"taxable","14":"shipping-taxable","15":"purchasable","16":"product-type-variable"},"_links":{"self":[{"href":"https:\/\/shop.monochrom.at\/index.php?rest_route=\/wp\/v2\/product\/2827"}],"collection":[{"href":"https:\/\/shop.monochrom.at\/index.php?rest_route=\/wp\/v2\/product"}],"about":[{"href":"https:\/\/shop.monochrom.at\/index.php?rest_route=\/wp\/v2\/types\/product"}],"replies":[{"embeddable":true,"href":"https:\/\/shop.monochrom.at\/index.php?rest_route=%2Fwp%2Fv2%2Fcomments&post=2827"}],"wp:featuredmedia":[{"embeddable":true,"href":"https:\/\/shop.monochrom.at\/index.php?rest_route=\/wp\/v2\/media\/2830"}],"wp:attachment":[{"href":"https:\/\/shop.monochrom.at\/index.php?rest_route=%2Fwp%2Fv2%2Fmedia&parent=2827"}],"curies":[{"name":"wp","href":"https:\/\/api.w.org\/{rel}","templated":true}]}}