{"id":2821,"date":"2001-12-31T17:18:13","date_gmt":"2001-12-31T16:18:13","guid":{"rendered":"https:\/\/testing.pixelcat.at\/?post_type=product&#038;p=2821"},"modified":"2024-01-15T00:01:41","modified_gmt":"2024-01-14T23:01:41","slug":"wer-erschoss-immanenz","status":"publish","type":"product","link":"https:\/\/shop.monochrom.at\/?product=wer-erschoss-immanenz","title":{"rendered":"Wer erschoss Immanenz?"},"content":{"rendered":"","protected":false},"excerpt":{"rendered":"<div>\n<h4>Betrachtungen zur Dynamik und Intervention bei Georg Paul Thomann<\/h4>\n<p class=\"align-justify\">Georg Paul Thomann gilt als die zentralste aller \u00f6ffentlichen Randerscheinungen, die seit den fr\u00fchen 60er Jahren an den Schnittstellen der Systeme arbeitet: Kunst(betrieb), Politik, \u00d6konomie, Pop, Spa\u00df, Eitelkeit, good-clean fanatism, Krisis, Sprache, Kultur, Selbstzufriedenheit, Identit\u00e4t, Utopie, Georg Paul Thomann, Manie und Verzweiflung. Das Werk Thomanns ist in diesem Sinne sein Weg durch die, mit den und in den Gegenkulturen der Nachkriegszeit. Das Buch zeichnet nicht nur die verschlungenen biografischen und pseudobiografischen Pfade der diversen Erscheinungsmodi dieses Gro\u00dfen Abwesenden nach, sondern befragt die Thomann&#8217;sche diskursive Wucherung auch auf ihre Relevanz f\u00fcr das Jahrhundert nach den (Neo-)Avantgarden.<\/p>\n<p class=\"align-justify\">\n<\/div>\n","protected":false},"featured_media":2822,"comment_status":"open","ping_status":"closed","template":"","meta":[],"class_list":{"0":"post-2821","1":"product","2":"type-product","3":"status-publish","4":"has-post-thumbnail","6":"product_cat-buecher","7":"product_cat-kunstbuecher","8":"description-off","10":"first","11":"instock","12":"taxable","13":"shipping-taxable","14":"purchasable","15":"product-type-variable"},"_links":{"self":[{"href":"https:\/\/shop.monochrom.at\/index.php?rest_route=\/wp\/v2\/product\/2821"}],"collection":[{"href":"https:\/\/shop.monochrom.at\/index.php?rest_route=\/wp\/v2\/product"}],"about":[{"href":"https:\/\/shop.monochrom.at\/index.php?rest_route=\/wp\/v2\/types\/product"}],"replies":[{"embeddable":true,"href":"https:\/\/shop.monochrom.at\/index.php?rest_route=%2Fwp%2Fv2%2Fcomments&post=2821"}],"wp:featuredmedia":[{"embeddable":true,"href":"https:\/\/shop.monochrom.at\/index.php?rest_route=\/wp\/v2\/media\/2822"}],"wp:attachment":[{"href":"https:\/\/shop.monochrom.at\/index.php?rest_route=%2Fwp%2Fv2%2Fmedia&parent=2821"}],"curies":[{"name":"wp","href":"https:\/\/api.w.org\/{rel}","templated":true}]}}