{"id":2819,"date":"2001-12-31T17:09:44","date_gmt":"2001-12-31T16:09:44","guid":{"rendered":"https:\/\/testing.pixelcat.at\/?post_type=product&#038;p=2819"},"modified":"2023-01-18T11:06:18","modified_gmt":"2023-01-18T10:06:18","slug":"leutezeichnungen","status":"publish","type":"product","link":"https:\/\/shop.monochrom.at\/?product=leutezeichnungen","title":{"rendered":"LeuteZeichnungen"},"content":{"rendered":"","protected":false},"excerpt":{"rendered":"<h4>Johannes Grenzfurthner, elffriede (Hg.)<\/h4>\n<p class=\"align-justify\">An einem Sp\u00e4tsommertag wurden Elffriede-Zeichnungen an Leute verschickt, die uns am Herzen, im Gebein und im Diskurs (oder woanders) liegen, mit der Bitte, jeweils zu einem Bild eine Geschichte zu schreiben. Die Bilder wurden per Zufall zugewiesen. Ob Rezension, philosophische Abhandlung, Gedicht, Gestammel, wissenschaftliche oder sozio\u00f6konomische Betrachtung, Fluch, Prozess oder Gemurmel &#8211; der Fantasie waren keine Grenzen gesetzt. Als Entlohnung wurden 1-2 Gl\u00e4ser Most angeboten. Guter Most braucht seine Zeit. So ist es geschehen.<\/p>\n<h5>Beitr\u00e4ge von<\/h5>\n<p class=\"align-justify\">Franz Ablinger, Martin Auer, Cl\u00f4d Baumgartner, Aki Beckmann, Peter Berger, Thomas Brandstetter, Gerd Dembowski, Dominik Dusek, Thomas Edlinger, Andreas Leo Findeisen, Derk Frerichs, Evelyn F\u00fcrlinger, Georg Gartlgruber, Johannes Grenzfurthner, Andrea Heyer, Peter H\u00f6rmanseder, Ilse Kilic, Matthias Kraus, Christian Kobald, Gudrun Langer, Harald List, Peter Musek, Stefan Nussbaumer, Vr\u00e4\u00e4th \u00d6hner, J\u00f6rg Piringer, Erwin Quirchmair, Drehli Robnik, Frank Apunkt Schneider, Lorenz Seidler (eSeL), Robert Stachel, Gerhard St\u00f6ger, Udo Starnegg, Johannes Ullmaier, Fritz Widhalm, Richard Wientzek, Ferdinand Marinus Z\u00f6lus.<\/p>\n","protected":false},"featured_media":2820,"comment_status":"open","ping_status":"closed","template":"","meta":[],"class_list":{"0":"post-2819","1":"product","2":"type-product","3":"status-publish","4":"has-post-thumbnail","6":"product_cat-buecher","7":"product_cat-kunstbuecher","8":"description-off","10":"first","11":"outofstock","12":"taxable","13":"shipping-taxable","14":"purchasable","15":"product-type-simple"},"_links":{"self":[{"href":"https:\/\/shop.monochrom.at\/index.php?rest_route=\/wp\/v2\/product\/2819"}],"collection":[{"href":"https:\/\/shop.monochrom.at\/index.php?rest_route=\/wp\/v2\/product"}],"about":[{"href":"https:\/\/shop.monochrom.at\/index.php?rest_route=\/wp\/v2\/types\/product"}],"replies":[{"embeddable":true,"href":"https:\/\/shop.monochrom.at\/index.php?rest_route=%2Fwp%2Fv2%2Fcomments&post=2819"}],"wp:featuredmedia":[{"embeddable":true,"href":"https:\/\/shop.monochrom.at\/index.php?rest_route=\/wp\/v2\/media\/2820"}],"wp:attachment":[{"href":"https:\/\/shop.monochrom.at\/index.php?rest_route=%2Fwp%2Fv2%2Fmedia&parent=2819"}],"curies":[{"name":"wp","href":"https:\/\/api.w.org\/{rel}","templated":true}]}}