{"id":2814,"date":"2011-07-31T16:58:21","date_gmt":"2011-07-31T14:58:21","guid":{"rendered":"https:\/\/testing.pixelcat.at\/?post_type=product&#038;p=2814"},"modified":"2024-01-15T00:01:01","modified_gmt":"2024-01-14T23:01:01","slug":"zeigerpointer","status":"publish","type":"product","link":"https:\/\/shop.monochrom.at\/?product=zeigerpointer","title":{"rendered":"Zeigerpointer"},"content":{"rendered":"","protected":false},"excerpt":{"rendered":"<h4>Die wunderbare Welt der Abwesenheit<\/h4>\n<p class=\"align-justify\">Die wunderbare Welt der Abwesenheit dokumentiert die von monochrom betriebene Sammlung so genannter Zeigerpointer. Bis zur Entstehung eines offiziellen Begriffs f\u00fcr das Medienph\u00e4nomen des Zeigerpointers bezeichnet dieser Platzhalter eine weit verbreitete printmediale Repr\u00e4sentationsweise, die bislang als spezifische Form weder wahrgenommen noch bestimmt wurde. Mit der Sammlung und der Bilderserie Zeigerpointer m\u00f6chte monochrom dazu beitragen, den \u201eZeigerpointer\u201c als eigene repr\u00e4sentations\u00e4sthetische Gattung zu untersuchen. Unter einem \u201eZeigerpointer\u201c verstehen wir Abbildungen (im Rahmen printmedialer Berichterstattung) von Tat- und Unfallorten, Ungl\u00fccksstellen sowie anderen Ereignisst\u00e4tten, bei denen es nichts zu sehen gibt, weil das berichtete Geschehen bereits vor\u00fcber ist, keine sichtbaren Spuren hinterlassen hat oder diese im Zuge der Wiedereinsetzung des Status Quo bereits vollst\u00e4ndig beseitigt wurden. Weil in diesen F\u00e4llen nichts fotografiert werden kann, bitten FotoreporterInnen in der Regel bestimmte Personen \u2013 AugenzeugInnen, Betroffene oder administrativ Zust\u00e4ndige \u2013, auf jenen Ort, an dem \u201ees\u201c passiert ist, zu deuten.<\/p>\n","protected":false},"featured_media":2816,"comment_status":"open","ping_status":"closed","template":"","meta":[],"class_list":{"0":"post-2814","1":"product","2":"type-product","3":"status-publish","4":"has-post-thumbnail","6":"product_cat-buecher","7":"product_cat-kunstbuecher","8":"description-off","10":"first","11":"instock","12":"taxable","13":"shipping-taxable","14":"purchasable","15":"product-type-simple"},"_links":{"self":[{"href":"https:\/\/shop.monochrom.at\/index.php?rest_route=\/wp\/v2\/product\/2814"}],"collection":[{"href":"https:\/\/shop.monochrom.at\/index.php?rest_route=\/wp\/v2\/product"}],"about":[{"href":"https:\/\/shop.monochrom.at\/index.php?rest_route=\/wp\/v2\/types\/product"}],"replies":[{"embeddable":true,"href":"https:\/\/shop.monochrom.at\/index.php?rest_route=%2Fwp%2Fv2%2Fcomments&post=2814"}],"wp:featuredmedia":[{"embeddable":true,"href":"https:\/\/shop.monochrom.at\/index.php?rest_route=\/wp\/v2\/media\/2816"}],"wp:attachment":[{"href":"https:\/\/shop.monochrom.at\/index.php?rest_route=%2Fwp%2Fv2%2Fmedia&parent=2814"}],"curies":[{"name":"wp","href":"https:\/\/api.w.org\/{rel}","templated":true}]}}