{"id":2811,"date":"2012-09-30T16:51:13","date_gmt":"2012-09-30T14:51:13","guid":{"rendered":"https:\/\/testing.pixelcat.at\/?post_type=product&#038;p=2811"},"modified":"2021-01-07T16:44:33","modified_gmt":"2021-01-07T15:44:33","slug":"postapokalyptischer-schmuck","status":"publish","type":"product","link":"https:\/\/shop.monochrom.at\/?product=postapokalyptischer-schmuck","title":{"rendered":"Postapokalyptischer Schmuck (Digital)"},"content":{"rendered":"","protected":false},"excerpt":{"rendered":"<h4>Paula Pongratz<\/h4>\n<p class=\"align-justify\">F\u00fcr die erste postapokalyptische Industriemesse im Juni 2051, veranstaltet vom international agierenden Kunst-Technologie-Philosophie Kollektiv monochrom in Wiener Neustadt, \u00d6sterreich, entwickelte Paula Pongratz aus \u00dcberresten und Fundst\u00fccken der menschlichen Zivilisation (nach der Apokalypse im Juni 2011) eine Schmuckkollektion. Der dazugeh\u00f6rige Projektatalog dokumentiert die postapokalyptischen Schmuckst\u00fccke im Kontext mit ihren jeweiligen Fundorten und erscheint in einer limitierten und jeweils exklusiv pro St\u00fcck hergestellten Auflage von nur 30 St\u00fcck.<\/p>\n","protected":false},"featured_media":2813,"comment_status":"open","ping_status":"closed","template":"","meta":[],"class_list":{"0":"post-2811","1":"product","2":"type-product","3":"status-publish","4":"has-post-thumbnail","6":"product_cat-buecher","7":"product_cat-kunstbuecher","8":"description-off","10":"first","11":"instock","12":"downloadable","13":"virtual","14":"taxable","15":"purchasable","16":"product-type-simple"},"_links":{"self":[{"href":"https:\/\/shop.monochrom.at\/index.php?rest_route=\/wp\/v2\/product\/2811"}],"collection":[{"href":"https:\/\/shop.monochrom.at\/index.php?rest_route=\/wp\/v2\/product"}],"about":[{"href":"https:\/\/shop.monochrom.at\/index.php?rest_route=\/wp\/v2\/types\/product"}],"replies":[{"embeddable":true,"href":"https:\/\/shop.monochrom.at\/index.php?rest_route=%2Fwp%2Fv2%2Fcomments&post=2811"}],"wp:featuredmedia":[{"embeddable":true,"href":"https:\/\/shop.monochrom.at\/index.php?rest_route=\/wp\/v2\/media\/2813"}],"wp:attachment":[{"href":"https:\/\/shop.monochrom.at\/index.php?rest_route=%2Fwp%2Fv2%2Fmedia&parent=2811"}],"curies":[{"name":"wp","href":"https:\/\/api.w.org\/{rel}","templated":true}]}}