{"id":2802,"date":"2014-01-31T16:17:30","date_gmt":"2014-01-31T15:17:30","guid":{"rendered":"https:\/\/testing.pixelcat.at\/?post_type=product&#038;p=2802"},"modified":"2024-01-15T00:00:53","modified_gmt":"2024-01-14T23:00:53","slug":"the-kite-wizard","status":"publish","type":"product","link":"https:\/\/shop.monochrom.at\/?product=the-kite-wizard","title":{"rendered":"The Kite Wizard"},"content":{"rendered":"","protected":false},"excerpt":{"rendered":"<h4>Georg Gratzer, Roland Gratzer,<\/h4>\n<p>G\u00fcnther Friesinger (Hg.)<\/p>\n<p class=\"bodytext\">Ein Kite Wizard Bilderbuch \u00fcber das Komm.ST Festival f\u00fcr Kunst und Musik in Anger, \u00d6sterreich, Mai 2013<\/p>\n","protected":false},"featured_media":2803,"comment_status":"open","ping_status":"closed","template":"","meta":[],"class_list":{"0":"post-2802","1":"product","2":"type-product","3":"status-publish","4":"has-post-thumbnail","6":"product_cat-buecher","7":"product_cat-kunstbuecher","8":"description-off","10":"first","11":"instock","12":"taxable","13":"shipping-taxable","14":"purchasable","15":"product-type-simple"},"_links":{"self":[{"href":"https:\/\/shop.monochrom.at\/index.php?rest_route=\/wp\/v2\/product\/2802"}],"collection":[{"href":"https:\/\/shop.monochrom.at\/index.php?rest_route=\/wp\/v2\/product"}],"about":[{"href":"https:\/\/shop.monochrom.at\/index.php?rest_route=\/wp\/v2\/types\/product"}],"replies":[{"embeddable":true,"href":"https:\/\/shop.monochrom.at\/index.php?rest_route=%2Fwp%2Fv2%2Fcomments&post=2802"}],"wp:featuredmedia":[{"embeddable":true,"href":"https:\/\/shop.monochrom.at\/index.php?rest_route=\/wp\/v2\/media\/2803"}],"wp:attachment":[{"href":"https:\/\/shop.monochrom.at\/index.php?rest_route=%2Fwp%2Fv2%2Fmedia&parent=2802"}],"curies":[{"name":"wp","href":"https:\/\/api.w.org\/{rel}","templated":true}]}}