{"id":2799,"date":"2014-10-19T16:12:08","date_gmt":"2014-10-19T14:12:08","guid":{"rendered":"https:\/\/testing.pixelcat.at\/?post_type=product&#038;p=2799"},"modified":"2024-01-15T00:00:51","modified_gmt":"2024-01-14T23:00:51","slug":"eaststyrian-roadside-attractions","status":"publish","type":"product","link":"https:\/\/shop.monochrom.at\/?product=eaststyrian-roadside-attractions","title":{"rendered":"Eaststyrian Roadside Attractions"},"content":{"rendered":"","protected":false},"excerpt":{"rendered":"<h4 class=\"align-left\">Christian Strassegger, G\u00fcnther Friesinger (Hg.)<\/h4>\n<p class=\"bodytext\">Verkehrsspiegel, an un\u00fcbersichtlichen Stellen f\u00fcr ab- und einbiegende oder querende Stra\u00dfenverkehrsteilnehmer neben Fahrbahnen gepflanzt, sind l\u00e4ngst Teil unseres Lebensraumes geworden. Betrachtet man sie n\u00e4her und aus anderen Richtungen, als mit dem fl\u00fcchtigen Blick durch die Windschutzscheibe, entdeckt man weit mehr in ihnen als das gespiegelte Stra\u00dfenbild, das sie uns zeigen sollen. In den letzten Jahren war Christian Strassegger immer wieder in der Oststeiermark unterwegs, hat Verkehrsspiegel und die dahinter liegende Landschaft fotografiert und zeigt ein \u00e4u\u00dferst eigenwilliges Landschaftsportrait quer durch alle Jahreszeiten. Aus dieser Serie entstand nun ein literarischer Fotoband, in dem f\u00fcnf oststeirische AutorInnen ihre Kurzgeschichten zum Thema \u201eUnterwegs in der Oststeiermark\u201c pr\u00e4sentieren. Fotografien von Christian Strassegger, Texte von Roland Gratzer, Werner Schandor, Cordula Simon, Andrea Sailer und Andrea Wolfmayr.<\/p>\n","protected":false},"featured_media":2800,"comment_status":"open","ping_status":"closed","template":"","meta":[],"class_list":{"0":"post-2799","1":"product","2":"type-product","3":"status-publish","4":"has-post-thumbnail","6":"product_cat-buecher","7":"product_cat-kunstbuecher","8":"description-off","10":"first","11":"instock","12":"taxable","13":"shipping-taxable","14":"purchasable","15":"product-type-simple"},"_links":{"self":[{"href":"https:\/\/shop.monochrom.at\/index.php?rest_route=\/wp\/v2\/product\/2799"}],"collection":[{"href":"https:\/\/shop.monochrom.at\/index.php?rest_route=\/wp\/v2\/product"}],"about":[{"href":"https:\/\/shop.monochrom.at\/index.php?rest_route=\/wp\/v2\/types\/product"}],"replies":[{"embeddable":true,"href":"https:\/\/shop.monochrom.at\/index.php?rest_route=%2Fwp%2Fv2%2Fcomments&post=2799"}],"wp:featuredmedia":[{"embeddable":true,"href":"https:\/\/shop.monochrom.at\/index.php?rest_route=\/wp\/v2\/media\/2800"}],"wp:attachment":[{"href":"https:\/\/shop.monochrom.at\/index.php?rest_route=%2Fwp%2Fv2%2Fmedia&parent=2799"}],"curies":[{"name":"wp","href":"https:\/\/api.w.org\/{rel}","templated":true}]}}