{"id":2795,"date":"2016-01-19T15:52:26","date_gmt":"2016-01-19T14:52:26","guid":{"rendered":"https:\/\/testing.pixelcat.at\/?post_type=product&#038;p=2795"},"modified":"2024-01-15T00:00:45","modified_gmt":"2024-01-14T23:00:45","slug":"silvester-stoger-of-cartography-and-organic-machines","status":"publish","type":"product","link":"https:\/\/shop.monochrom.at\/?product=silvester-stoger-of-cartography-and-organic-machines","title":{"rendered":"Silvester St\u00f6ger \u2013 of cartography and organic machines"},"content":{"rendered":"","protected":false},"excerpt":{"rendered":"<h4>Silvester St\u00f6ger \u2013 of cartography and organic machines<\/h4>\n<div class=\"align-left\">\n<p class=\"align-justify\">Der Katalog bietet einen erstmaligen \u00dcberblick in das Schaffen des Wiener K\u00fcnstlers Silvester St\u00f6ger. Der stark von digitaler Kartografie beeinflusste Medienk\u00fcnstler arbeitete in den letzten Jahren \u00fcberwiegend im Medium der Tuschezeichnung wobei sich der Kontext zunehmend verschiebt und ein abstrakter Charakter die Oberfl\u00e4chen seiner Bilder zu beherrschen beginnt. Repetitive Strukturen, gebrochene Op-Art, n\u00fcchterne Psychedelika. Neben zahlreichen Abbildungen umfasst der Katalog ein Gespr\u00e4ch der M\u00fcnchner Kuratorin Viktoria Wilhelmine Tiedeke mit dem K\u00fcnstler, als auch einen poetischen Text des Wiener Schriftstellers Thomas Ballhausen, der die Werke literarisch assoziativ f\u00fcr weitere Interpretationen \u00f6ffnete.<\/p>\n<\/div>\n","protected":false},"featured_media":2796,"comment_status":"open","ping_status":"closed","template":"","meta":[],"class_list":{"0":"post-2795","1":"product","2":"type-product","3":"status-publish","4":"has-post-thumbnail","6":"product_cat-buecher","7":"product_cat-kunstbuecher","8":"description-off","10":"first","11":"instock","12":"taxable","13":"shipping-taxable","14":"purchasable","15":"product-type-simple"},"_links":{"self":[{"href":"https:\/\/shop.monochrom.at\/index.php?rest_route=\/wp\/v2\/product\/2795"}],"collection":[{"href":"https:\/\/shop.monochrom.at\/index.php?rest_route=\/wp\/v2\/product"}],"about":[{"href":"https:\/\/shop.monochrom.at\/index.php?rest_route=\/wp\/v2\/types\/product"}],"replies":[{"embeddable":true,"href":"https:\/\/shop.monochrom.at\/index.php?rest_route=%2Fwp%2Fv2%2Fcomments&post=2795"}],"wp:featuredmedia":[{"embeddable":true,"href":"https:\/\/shop.monochrom.at\/index.php?rest_route=\/wp\/v2\/media\/2796"}],"wp:attachment":[{"href":"https:\/\/shop.monochrom.at\/index.php?rest_route=%2Fwp%2Fv2%2Fmedia&parent=2795"}],"curies":[{"name":"wp","href":"https:\/\/api.w.org\/{rel}","templated":true}]}}