{"id":2789,"date":"2017-10-11T15:38:04","date_gmt":"2017-10-11T13:38:04","guid":{"rendered":"https:\/\/testing.pixelcat.at\/?post_type=product&#038;p=2789"},"modified":"2024-01-15T00:00:30","modified_gmt":"2024-01-14T23:00:30","slug":"kleine-weltentwurfe","status":"publish","type":"product","link":"https:\/\/shop.monochrom.at\/?product=kleine-weltentwurfe","title":{"rendered":"Kleine Weltentw\u00fcrfe"},"content":{"rendered":"","protected":false},"excerpt":{"rendered":"<p>Gunnar Dal macht uns darauf aufmerksam, dass wir wissen sollten, dass wir nichts wissen. Er f\u00fchrt uns auf unsere menschlichen Grundz\u00fcge zur\u00fcck um uns im n\u00e4chsten Schritt Forschungslabors und Wohnungen auf dem Mond vorherzusagen. Es werde noch viel mehr erreicht werden als der Mensch sich heute vorstellen kann und er hat recht behalten. Geschrieben hat er sein Werk am Anfang des 21. Jahrhunderts und wenn wir uns an diese Zeit zur\u00fcckerinnern ist schon in den ersten zwei Jahrzehnten vieles geschehen und entwickelt worden, was wir uns nicht vorstellen konnten. Der menschliche Verstand ist beschr\u00e4nkt. Das ruft Gunnar Dal uns immer wieder zu. Dabei ist er zeitweise mahnend, ironisch, ernsthaft und hoffnungsvoll. Einblicke bietet er uns wahlweise in die Denkweise von Bienenv\u00f6lkern, Kosmonauten, isl\u00e4ndischen Bauern und Albert Einstein. Seine aphoristischen Abhandlungen sind informativ, anregend und bieten unterhaltend-kurzweilige Denkanst\u00f6\u00dfe. Mit der vorliegenden \u00dcbersetzung von Helmut Neumann hoffen wir einen ersten Schritt setzen zu k\u00f6nnen, um Gunnar Dal auch einem deutschsprachigen Publikum zug\u00e4nglich zu machen.<\/p>\n","protected":false},"featured_media":3267,"comment_status":"open","ping_status":"closed","template":"","meta":[],"class_list":{"0":"post-2789","1":"product","2":"type-product","3":"status-publish","4":"has-post-thumbnail","6":"product_cat-buecher","7":"product_cat-literatur","8":"description-off","10":"first","11":"instock","12":"taxable","13":"shipping-taxable","14":"purchasable","15":"product-type-simple"},"_links":{"self":[{"href":"https:\/\/shop.monochrom.at\/index.php?rest_route=\/wp\/v2\/product\/2789"}],"collection":[{"href":"https:\/\/shop.monochrom.at\/index.php?rest_route=\/wp\/v2\/product"}],"about":[{"href":"https:\/\/shop.monochrom.at\/index.php?rest_route=\/wp\/v2\/types\/product"}],"replies":[{"embeddable":true,"href":"https:\/\/shop.monochrom.at\/index.php?rest_route=%2Fwp%2Fv2%2Fcomments&post=2789"}],"wp:featuredmedia":[{"embeddable":true,"href":"https:\/\/shop.monochrom.at\/index.php?rest_route=\/wp\/v2\/media\/3267"}],"wp:attachment":[{"href":"https:\/\/shop.monochrom.at\/index.php?rest_route=%2Fwp%2Fv2%2Fmedia&parent=2789"}],"curies":[{"name":"wp","href":"https:\/\/api.w.org\/{rel}","templated":true}]}}