{"id":2714,"date":"2005-12-31T19:01:34","date_gmt":"2005-12-31T18:01:34","guid":{"rendered":"https:\/\/testing.pixelcat.at\/?post_type=product&#038;p=2714"},"modified":"2024-01-15T00:01:16","modified_gmt":"2024-01-14T23:01:16","slug":"sonne-busen-hammer-16-monochrom-24","status":"publish","type":"product","link":"https:\/\/shop.monochrom.at\/?product=sonne-busen-hammer-16-monochrom-24","title":{"rendered":"Sonne Busen Hammer 16 &#8230; monochrom #24"},"content":{"rendered":"","protected":false},"excerpt":{"rendered":"<h4>&#8222;Die Aufbruchsnummer\u201c<\/h4>\n<p>(F\u00fcr die gr\u00f6szte Baustelle der Welt)<\/p>\n<div>\n<p class=\"align-justify\">Sonne Busen Hammer ist die Hauszeitschrift der Lord Jim Loge, einem Zusammenschluss der K\u00fcnstler J\u00f6rg Schlick, Martin Kippenberger, Albert Oehlen und Wolfgang Bauer. Zusammen mit der Loge wurde im Dezember 2005, anl\u00e4sslich des bevorstehenden Todes von J\u00f6rg Schlick, die Zeitschrift an monochrom vererbt. In Zusammenarbeit mit der Berliner Art-Consulting Agentur Teyssandier-Springer deponiert monochrom die diesbez\u00fcglichen Anspr\u00fcche und l\u00e4dt zugleich die Eigent\u00fcmerInnen der betroffenen Werke zur Kooperation in gutem au\u00dfergerichtlichem Einvernehmen ein.<\/p>\n<p class=\"align-justify\">Sonne Busen Hammer ist ein klassisches K\u00fcnstlerInnenzeitschriften-Objekt im Sinne der Logengr\u00fcnderv\u00e4ter, deren Tradition sich monochrom verpflichtet f\u00fchlt. Die erste unter neuer F\u00fchrung publizierte Nummer erl\u00e4utert das Franchise-Konzept der Lord Jim Loge powered by monochrom anhand eines einleitenden Textes von Frank Teyssandier und eines umfangreichen Businessplans.<\/p>\n<\/div>\n","protected":false},"featured_media":2715,"comment_status":"open","ping_status":"closed","template":"","meta":[],"class_list":{"0":"post-2714","1":"product","2":"type-product","3":"status-publish","4":"has-post-thumbnail","6":"product_cat-buecher","7":"product_cat-monochrom-print","8":"product_cat-sonne-busen-hammer","9":"product_shipping_class-versand-klein","10":"description-off","12":"first","13":"instock","14":"taxable","15":"shipping-taxable","16":"purchasable","17":"product-type-simple"},"_links":{"self":[{"href":"https:\/\/shop.monochrom.at\/index.php?rest_route=\/wp\/v2\/product\/2714"}],"collection":[{"href":"https:\/\/shop.monochrom.at\/index.php?rest_route=\/wp\/v2\/product"}],"about":[{"href":"https:\/\/shop.monochrom.at\/index.php?rest_route=\/wp\/v2\/types\/product"}],"replies":[{"embeddable":true,"href":"https:\/\/shop.monochrom.at\/index.php?rest_route=%2Fwp%2Fv2%2Fcomments&post=2714"}],"wp:featuredmedia":[{"embeddable":true,"href":"https:\/\/shop.monochrom.at\/index.php?rest_route=\/wp\/v2\/media\/2715"}],"wp:attachment":[{"href":"https:\/\/shop.monochrom.at\/index.php?rest_route=%2Fwp%2Fv2%2Fmedia&parent=2714"}],"curies":[{"name":"wp","href":"https:\/\/api.w.org\/{rel}","templated":true}]}}