{"id":316,"date":"2019-12-11T15:21:35","date_gmt":"2019-12-11T15:21:35","guid":{"rendered":"https:\/\/the7.io\/clothing\/?page_id=316"},"modified":"2020-12-11T18:49:19","modified_gmt":"2020-12-11T17:49:19","slug":"impressum","status":"publish","type":"page","link":"https:\/\/shop.monochrom.at\/?page_id=316","title":{"rendered":"Impressum"},"content":{"rendered":"<div class=\"wpb-content-wrapper\"><p>[vc_row][vc_column][vc_column_text]<\/p>\n<h4 style=\"text-align: left;\">Informationspflichten laut E-Commerce-Gesetz (ECG)<\/h4>\n<p>Die vorliegende Website (Online-shop) ist ein Online-Shop-Angebot der monochrom OG im Internet. Unter dieser Web-Adresse und allf\u00e4lliger Subdomains werden umfangreiche Informations- und Online-Dienste zu Produkten und Leistungen unseres Unternehmens bereit gestellt.<\/p>\n<p>Die Verwendung Ihrer Daten f\u00fcr eigene werbliche Zwecke f\u00fcr \u00e4hnliche Waren und Dienstleistungen ist nicht ausgeschlossen. Sie k\u00f6nnen dieser Verwendung jederzeit widersprechen, ohne dass f\u00fcr den Widerspruch andere als \u00dcbermittlungskosten nach den Basistarifen entstehen.<\/p>\n<h4 style=\"text-align: left;\">edition mono \/ monochrom<\/h4>\n<p>G\u00fcnther Friesinger<br \/>\nZentagasse 31\/8<br \/>\n1050 Wien<br \/>\n\u00d6sterreich<br \/>\nT: +43-650-2049451<br \/>\nE: <a href=\"mailto:vertrieb@monochrom.at\">vertrieb@monochrom.at<\/a><\/p>\n<p>UID: ATU61664899<\/p>\n<p>\u00a9 2020 Verlag edition mono \/ monochrom[\/vc_column_text][\/vc_column][\/vc_row]<\/p>\n<\/div>","protected":false},"excerpt":{"rendered":"<p>[vc_row][vc_column][vc_column_text] Informationspflichten laut E-Commerce-Gesetz (ECG) Die vorliegende Website (Online-shop) ist ein Online-Shop-Angebot der monochrom OG im Internet. Unter dieser Web-Adresse und allf\u00e4lliger Subdomains werden umfangreiche Informations- und Online-Dienste zu Produkten und Leistungen unseres Unternehmens bereit gestellt. Die Verwendung Ihrer Daten f\u00fcr eigene werbliche Zwecke f\u00fcr \u00e4hnliche Waren und Dienstleistungen ist nicht ausgeschlossen. Sie k\u00f6nnen dieser&hellip;<\/p>\n","protected":false},"author":1,"featured_media":0,"parent":0,"menu_order":0,"comment_status":"closed","ping_status":"closed","template":"","meta":[],"class_list":["post-316","page","type-page","status-publish","hentry","description-off"],"_links":{"self":[{"href":"https:\/\/shop.monochrom.at\/index.php?rest_route=\/wp\/v2\/pages\/316"}],"collection":[{"href":"https:\/\/shop.monochrom.at\/index.php?rest_route=\/wp\/v2\/pages"}],"about":[{"href":"https:\/\/shop.monochrom.at\/index.php?rest_route=\/wp\/v2\/types\/page"}],"author":[{"embeddable":true,"href":"https:\/\/shop.monochrom.at\/index.php?rest_route=\/wp\/v2\/users\/1"}],"replies":[{"embeddable":true,"href":"https:\/\/shop.monochrom.at\/index.php?rest_route=%2Fwp%2Fv2%2Fcomments&post=316"}],"version-history":[{"count":5,"href":"https:\/\/shop.monochrom.at\/index.php?rest_route=\/wp\/v2\/pages\/316\/revisions"}],"predecessor-version":[{"id":3296,"href":"https:\/\/shop.monochrom.at\/index.php?rest_route=\/wp\/v2\/pages\/316\/revisions\/3296"}],"wp:attachment":[{"href":"https:\/\/shop.monochrom.at\/index.php?rest_route=%2Fwp%2Fv2%2Fmedia&parent=316"}],"curies":[{"name":"wp","href":"https:\/\/api.w.org\/{rel}","templated":true}]}}