{"id":299,"date":"2019-12-11T14:36:46","date_gmt":"2019-12-11T14:36:46","guid":{"rendered":"https:\/\/the7.io\/clothing\/?page_id=299"},"modified":"2020-12-11T19:00:15","modified_gmt":"2020-12-11T18:00:15","slug":"datenschutzerklarung","status":"publish","type":"page","link":"https:\/\/shop.monochrom.at\/?page_id=299","title":{"rendered":"Privatsph\u00e4re und Datenschutz"},"content":{"rendered":"<div class=\"wpb-content-wrapper\"><p>[vc_row][vc_column][vc_column_text]<\/p>\n<h4>Kundeninformationen im Sinne der EU-Datenschutz-Grundverordnung<br \/>\nVerlag edition mono \/ monochrom Online-Shop<\/h4>\n<p>Der Verlag edition mono \/ monochrom h\u00e4lt sich bei Erhebung, Verarbeitung und Nutzung personenbezogener Daten an die gesetzlichen Bestimmungen der DSGVO, des DSG sowie des TKG. Bei allen Prozessen, die die Eingabe personenbezogener Daten durch Sie als unsere\/n Kunden\/in notwendig machen, werden Sie gesondert auf alle gem\u00e4\u00df DSGVO auszuweisenden Rechte, Informationen, Folgen etc. hingewiesen.<\/p>\n<p>Dar\u00fcber hinaus wird darauf hingewiesen, dass der Verlag edition mono \/ monochrom technische und organisatorische Sicherheitsma\u00dfnahmen setzt, um Ihre durch uns verwalteten Daten gegen zuf\u00e4llige oder vors\u00e4tzliche Manipulationen, Verlust, Zerst\u00f6rung oder den Zugriff unberechtigter Personen zu sch\u00fctzen. Die entsprechenden Sicherheitsma\u00dfnahmen werden laufend verbessert. Die Datenverarbeitung und \u2013\u00fcbermittlung werden mit dem SSL-Verfahren durchgef\u00fchrt.<\/p>\n<p>Im Folgenden finden Sie einen \u00dcberblick \u00fcber die Datenverarbeitungsprozesse, die in direktem Zusammenhang mit den Online-Shop von\u00a0Verlag edition mono \/ monochrom stehen.<\/p>\n<p>Die Verlag edition mono \/ monochrom weist ausdr\u00fccklich auf Ihr Recht zur Auskunft, Berichtigung, Widerspruch und L\u00f6schung der von Ihnen vorhandenen\/\u00fcbermittelten Daten hin.<\/p>\n<h4>Kontakt<br \/>\nedition mono \/ monochrom<br \/>\nzH Datenschutzbeauftragter<br \/>\nZentagasse 31\/8<br \/>\n1050 Wien<br \/>\n\u00d6sterreich<\/h4>\n<p>E: <a href=\"mailto:vertrieb@monochrom.at\">vertrieb@monochrom.at<\/a><br \/>\nT: +43-650-2049451<\/p>\n<p><strong>Den kompletten Datenschutzhinweis \u00fcber alle mit dem Verlag edition mono \/ monochrom in Zusammenhang stehenden Angeboten\/Dienstleistungen finden Sie unter <a href=\"http:\/\/monochrom.at\/datenschutzerklaerung.htm\">http:\/\/monochrom.at\/datenschutzerklaerung.htm<\/a><\/strong><\/p>\n<h4><strong><br \/>\n<\/strong>Welche Daten erheben wir?<\/h4>\n<p>Sie k\u00f6nnen im Online-Shop des Verlag edition mono \/ monochrom als Gast oder registrierter Kunde bestellen. In beiden F\u00e4llen ben\u00f6tigt der Verlag edition mono \/ monochrom f\u00fcr die Abwicklung (Zustellung und Rechnungslegung) Ihrer Bestellung folgende Daten:<\/p>\n<p>Vorname, Nachname, E-Mail-Adresse*, Anschrift (Stra\u00dfe, PLZ, Ort, Land)<\/p>\n<p>Je nach Auswahl des Bezahlmodus (Vorkasse, PayPal, Kreditkarte) m\u00fcssen &#8211; bei Kauf via Kreditkarte oder PayPal- zus\u00e4tzlich entsprechende Bezahlinformationen durch Sie bereitgestellt werden. In beiden letztgenannten F\u00e4llen werden die Informationen ausschlie\u00dflich dem Bezahldienstleister \u00fcbermittelt. Der Verlag edition mono \/ monochrom hat in diesen F\u00e4llen keinerlei Einblick auf die von Ihnen \u00fcbermittelten Bankdaten.<\/p>\n<p>Auskunft und L\u00f6schansuchen via\u00a0 <a href=\"mailto:vertrieb@monochrom.at\">vertrieb@monochrom.at<\/a><\/p>\n<p>*f\u00fcr Nachfragen betreffend Ihrer Bestellung. Die von Ihnen angegebene E-Mail-Adresse wird nicht zu kommerziellen Zwecken genutzt. Im Sinne des berechtigten Interesses, die Inhalte bzw. Produkte des Verlag edition mono \/ monochrom zu verbreiten weisen wir auf die M\u00f6glichkeit hin, Sie als K\u00e4ufer\/in \u00fcber \u00e4hnlich geartete Produkte via Newsletter zu informieren. Die Zustimmung zur Aufnahme in den Newsletter-Verteiler (und der damit verbundenen Zusendung zu nicht \u00e4hnlich gearteten Publikationen wie jenen, die von Ihnen bestellt wurden) muss gesondert erteilt werden.<\/p>\n<h4>Wozu erheben wir Ihre Daten?<\/h4>\n<p>F\u00fcr die Abwicklung Ihrer Bestellung \u2013 also Rechnungslegung, Zustellung und etwaige Kontaktaufnahme bei Nachfragen.<\/p>\n<p>Sofern Sie uns die Zustimmung erteilen, wird Ihre E-Mail-Adresse au\u00dferdem f\u00fcr den Versand von Newsletter und\/oder Produktinfos bis auf Widerruf Ihrerseits (via <a href=\"mailto:vertrieb@monochrom.at\">vertrieb@monochrom.at<\/a>) genutzt.<\/p>\n<h4>Was passiert mit Ihren Daten?<\/h4>\n<p>Die von Ihnen angegebenen Daten werden bis auf Widerruf in der Bestellhistorie des Shop-Systems (WooCommerce) sowie im verlagseigenen Auftragssystem zur Bestellabwicklung und Rechnungslegung gespeichert. Im Falle von Gro\u00dfbestellungen, die den Versand via Hermes erforderlich machen, erhalten diese Firmen ausschlie\u00dflich Ihre Lieferanschrift zur ordnungsgem\u00e4\u00dfen Abwicklung der Zustellung. Ihre Daten werden nicht an Dritte weitergereicht oder \u2013verkauft.<\/p>\n<h4>Auskunft &amp; L\u00f6schung<\/h4>\n<p>F\u00fcr alle Anliegen sowie dem Wunsch nach L\u00f6schung Ihrer an uns \u00fcbermittelten Daten bitten wir um Kontaktaufnahme via <a href=\"mailto:vertrieb@monochrom.at\">vertrieb@monochrom.at<\/a><\/p>\n<p>Weitere Informationen finden Sie unter\u00a0<a href=\"http:\/\/monochrom.at\/datenschutzerklaerung.htm\"><strong>http:\/\/monochrom.at\/datenschutzerklaerung.htm<\/strong><\/a>![\/vc_column_text][\/vc_column][\/vc_row]<\/p>\n<\/div>","protected":false},"excerpt":{"rendered":"<p>[vc_row][vc_column][vc_column_text] Kundeninformationen im Sinne der EU-Datenschutz-Grundverordnung Verlag edition mono \/ monochrom Online-Shop Der Verlag edition mono \/ monochrom h\u00e4lt sich bei Erhebung, Verarbeitung und Nutzung personenbezogener Daten an die gesetzlichen Bestimmungen der DSGVO, des DSG sowie des TKG. Bei allen Prozessen, die die Eingabe personenbezogener Daten durch Sie als unsere\/n Kunden\/in notwendig machen, werden Sie&hellip;<\/p>\n","protected":false},"author":1,"featured_media":0,"parent":0,"menu_order":0,"comment_status":"closed","ping_status":"closed","template":"","meta":[],"class_list":["post-299","page","type-page","status-publish","hentry","description-off"],"_links":{"self":[{"href":"https:\/\/shop.monochrom.at\/index.php?rest_route=\/wp\/v2\/pages\/299"}],"collection":[{"href":"https:\/\/shop.monochrom.at\/index.php?rest_route=\/wp\/v2\/pages"}],"about":[{"href":"https:\/\/shop.monochrom.at\/index.php?rest_route=\/wp\/v2\/types\/page"}],"author":[{"embeddable":true,"href":"https:\/\/shop.monochrom.at\/index.php?rest_route=\/wp\/v2\/users\/1"}],"replies":[{"embeddable":true,"href":"https:\/\/shop.monochrom.at\/index.php?rest_route=%2Fwp%2Fv2%2Fcomments&post=299"}],"version-history":[{"count":7,"href":"https:\/\/shop.monochrom.at\/index.php?rest_route=\/wp\/v2\/pages\/299\/revisions"}],"predecessor-version":[{"id":3301,"href":"https:\/\/shop.monochrom.at\/index.php?rest_route=\/wp\/v2\/pages\/299\/revisions\/3301"}],"wp:attachment":[{"href":"https:\/\/shop.monochrom.at\/index.php?rest_route=%2Fwp%2Fv2%2Fmedia&parent=299"}],"curies":[{"name":"wp","href":"https:\/\/api.w.org\/{rel}","templated":true}]}}